{"id":4299,"date":"2025-07-01T19:47:25","date_gmt":"2025-07-01T17:47:25","guid":{"rendered":"\/?page_id=4299"},"modified":"2025-07-01T19:47:27","modified_gmt":"2025-07-01T17:47:27","slug":"neuigkeiten","status":"publish","type":"page","link":"\/?page_id=4299","title":{"rendered":"Neuigkeiten"},"content":{"rendered":"\n<div class=\"wp-block-query is-layout-flow wp-block-query-is-layout-flow\"><ul style=\"font-style:normal;font-weight:400;text-transform:none;\" class=\"wp-block-post-template has-medium-font-size is-layout-flow wp-block-post-template-is-layout-flow\"><li class=\"wp-block-post post-4691 post type-post status-publish format-standard hentry category-allgemein category-offiziere tag-osterfeuer\">\n<h2 class=\"wp-block-post-title\">Einladung\u00a0zum Osterfeuer<\/h2>\n\n\n\n<div class=\"wp-block-post-excerpt\"><p class=\"wp-block-post-excerpt__excerpt\">Die Offiziere laden herzlich zum diesj\u00e4hrigen Osterfeuer ein! F\u00fcr Musik und das leibliche Wohl ist selbstverst\u00e4ndlich gesorgt. Kommt vorbei, bringt gute Laune mit und genie\u00dft gemeinsam mit uns einen gem\u00fctlichen Abend am Feuer. Bitte denkt daran:&nbsp;Die Zeiten zur Gr\u00fcnschnittannahme beachten!<\/p><p class=\"wp-block-post-excerpt__more-text\"><a class=\"wp-block-post-excerpt__more-link\" href=\"\/?p=4691\">weiterlesen&#8230;<\/a><\/p><\/div>\n\n\n<hr class=\"wp-block-separator has-css-opacity\"\/>\n\n\n<div class=\"wp-block-post-date\"><time datetime=\"2026-03-14T18:39:30+01:00\">14. M\u00e4rz 2026<\/time><\/div>\n<\/li><li class=\"wp-block-post post-4688 post type-post status-publish format-standard has-post-thumbnail hentry category-feste tag-heimatfest tag-schuetzenfest tag-wagenbau\">\n<h2 class=\"wp-block-post-title\">Heimatfestfilm\u00a0zum Sonntag auf Youtube<\/h2>\n\n<figure class=\"alignwide wp-block-post-featured-image\"><a href=\"\/?p=4688\" target=\"_self\"  ><img data-recalc-dims=\"1\" loading=\"lazy\" decoding=\"async\" width=\"700\" height=\"467\" src=\"https:\/\/i0.wp.com\/hsv-ovenhausen.de\/hsv-neu\/wp-content\/uploads\/2025\/12\/Dsc_5152-scaled.jpg?resize=700%2C467\" class=\"attachment-post-thumbnail size-post-thumbnail wp-post-image\" alt=\"Heimatfestfilm\u00a0zum Sonntag auf Youtube\" style=\"object-fit:cover;\" srcset=\"https:\/\/i0.wp.com\/hsv-ovenhausen.de\/hsv-neu\/wp-content\/uploads\/2025\/12\/Dsc_5152-scaled.jpg?w=2560 2560w, https:\/\/i0.wp.com\/hsv-ovenhausen.de\/hsv-neu\/wp-content\/uploads\/2025\/12\/Dsc_5152-scaled.jpg?resize=300%2C200 300w, https:\/\/i0.wp.com\/hsv-ovenhausen.de\/hsv-neu\/wp-content\/uploads\/2025\/12\/Dsc_5152-scaled.jpg?resize=1024%2C683 1024w, https:\/\/i0.wp.com\/hsv-ovenhausen.de\/hsv-neu\/wp-content\/uploads\/2025\/12\/Dsc_5152-scaled.jpg?resize=768%2C512 768w, https:\/\/i0.wp.com\/hsv-ovenhausen.de\/hsv-neu\/wp-content\/uploads\/2025\/12\/Dsc_5152-scaled.jpg?resize=1536%2C1024 1536w, https:\/\/i0.wp.com\/hsv-ovenhausen.de\/hsv-neu\/wp-content\/uploads\/2025\/12\/Dsc_5152-scaled.jpg?resize=2048%2C1365 2048w, https:\/\/i0.wp.com\/hsv-ovenhausen.de\/hsv-neu\/wp-content\/uploads\/2025\/12\/Dsc_5152-scaled.jpg?w=1400 1400w, https:\/\/i0.wp.com\/hsv-ovenhausen.de\/hsv-neu\/wp-content\/uploads\/2025\/12\/Dsc_5152-scaled.jpg?w=2100 2100w\" sizes=\"auto, (max-width: 700px) 100vw, 700px\" data-attachment-id=\"4511\" data-permalink=\"\/?attachment_id=4511\" data-orig-file=\"https:\/\/i0.wp.com\/hsv-ovenhausen.de\/hsv-neu\/wp-content\/uploads\/2025\/12\/Dsc_5152-scaled.jpg?fit=2560%2C1707\" data-orig-size=\"2560,1707\" data-comments-opened=\"0\" data-image-meta=\"{&quot;aperture&quot;:&quot;0&quot;,&quot;credit&quot;:&quot;&quot;,&quot;camera&quot;:&quot;&quot;,&quot;caption&quot;:&quot;&quot;,&quot;created_timestamp&quot;:&quot;0&quot;,&quot;copyright&quot;:&quot;&quot;,&quot;focal_length&quot;:&quot;0&quot;,&quot;iso&quot;:&quot;0&quot;,&quot;shutter_speed&quot;:&quot;0&quot;,&quot;title&quot;:&quot;&quot;,&quot;orientation&quot;:&quot;0&quot;}\" data-image-title=\"Heimatfest 2025 &amp;#8211; Umzug\" data-image-description=\"\" data-image-caption=\"\" data-medium-file=\"https:\/\/i0.wp.com\/hsv-ovenhausen.de\/hsv-neu\/wp-content\/uploads\/2025\/12\/Dsc_5152-scaled.jpg?fit=300%2C200\" data-large-file=\"https:\/\/i0.wp.com\/hsv-ovenhausen.de\/hsv-neu\/wp-content\/uploads\/2025\/12\/Dsc_5152-scaled.jpg?fit=700%2C467\" \/><\/a><\/figure>\n\n<div class=\"wp-block-post-excerpt\"><p class=\"wp-block-post-excerpt__excerpt\">Liebe Dorfgemeinde, liebe Mitwirkenden, der Film zum 11. Heimatfest 2025 ist jetzt auf Youtube ver\u00f6ffentlicht. Darin ist der Festumzug vom Sonntag, den 27.07.2025 festgehalten. Link:&nbsp;11. Heimatfest Ovenhausen Wir w\u00fcnschen viel Spa\u00df beim anschauen und Erinnern. Weitere Videos werden folgen. Mit<\/p><p class=\"wp-block-post-excerpt__more-text\"><a class=\"wp-block-post-excerpt__more-link\" href=\"\/?p=4688\">weiterlesen&#8230;<\/a><\/p><\/div>\n\n\n<hr class=\"wp-block-separator has-css-opacity\"\/>\n\n\n<div class=\"wp-block-post-date\"><time datetime=\"2026-03-09T18:36:34+01:00\">9. M\u00e4rz 2026<\/time><\/div>\n<\/li><li class=\"wp-block-post post-4684 post type-post status-publish format-standard hentry category-allgemein category-vorstand tag-jahresmitgliederversammlung\">\n<h2 class=\"wp-block-post-title\">Jahresmitgliederversammlung 2025<\/h2>\n\n\n\n<div class=\"wp-block-post-excerpt\"><p class=\"wp-block-post-excerpt__excerpt\">Liebe Mitglieder, wir laden euch herzlich zu unserer diesj\u00e4hrigen JahresMitgliederVersammlung ein. Am 07.03.2026 um 19:00 Uhr im Schafstall Ovenhausen. Gemeinsam blicken wir auf das vergangene Jahr zur\u00fcck, besprechen wichtige Themen und geben einen Ausblick auf kommende Projekte. Eure Teilnahme ist<\/p><p class=\"wp-block-post-excerpt__more-text\"><a class=\"wp-block-post-excerpt__more-link\" href=\"\/?p=4684\">weiterlesen&#8230;<\/a><\/p><\/div>\n\n\n<hr class=\"wp-block-separator has-css-opacity\"\/>\n\n\n<div class=\"wp-block-post-date\"><time datetime=\"2026-02-17T18:30:43+01:00\">17. Februar 2026<\/time><\/div>\n<\/li><li class=\"wp-block-post post-4658 post type-post status-publish format-standard has-post-thumbnail hentry category-allgemein tag-heimatfest\">\n<h2 class=\"wp-block-post-title\">Heimatpreis f\u00fcr das Heimatfest<\/h2>\n\n<figure class=\"alignwide wp-block-post-featured-image\"><a href=\"\/?p=4658\" target=\"_self\"  ><img data-recalc-dims=\"1\" loading=\"lazy\" decoding=\"async\" width=\"700\" height=\"525\" src=\"https:\/\/i0.wp.com\/hsv-ovenhausen.de\/hsv-neu\/wp-content\/uploads\/2026\/01\/2026-01-Heimatpreis_1.jpeg?resize=700%2C525\" class=\"attachment-post-thumbnail size-post-thumbnail wp-post-image\" alt=\"Heimatpreis f\u00fcr das Heimatfest\" style=\"object-fit:cover;\" srcset=\"https:\/\/i0.wp.com\/hsv-ovenhausen.de\/hsv-neu\/wp-content\/uploads\/2026\/01\/2026-01-Heimatpreis_1.jpeg?w=2000 2000w, https:\/\/i0.wp.com\/hsv-ovenhausen.de\/hsv-neu\/wp-content\/uploads\/2026\/01\/2026-01-Heimatpreis_1.jpeg?resize=300%2C225 300w, https:\/\/i0.wp.com\/hsv-ovenhausen.de\/hsv-neu\/wp-content\/uploads\/2026\/01\/2026-01-Heimatpreis_1.jpeg?resize=1024%2C768 1024w, https:\/\/i0.wp.com\/hsv-ovenhausen.de\/hsv-neu\/wp-content\/uploads\/2026\/01\/2026-01-Heimatpreis_1.jpeg?resize=768%2C576 768w, https:\/\/i0.wp.com\/hsv-ovenhausen.de\/hsv-neu\/wp-content\/uploads\/2026\/01\/2026-01-Heimatpreis_1.jpeg?resize=1536%2C1152 1536w, https:\/\/i0.wp.com\/hsv-ovenhausen.de\/hsv-neu\/wp-content\/uploads\/2026\/01\/2026-01-Heimatpreis_1.jpeg?w=1400 1400w\" sizes=\"auto, (max-width: 700px) 100vw, 700px\" data-attachment-id=\"4659\" data-permalink=\"\/?attachment_id=4659\" data-orig-file=\"https:\/\/i0.wp.com\/hsv-ovenhausen.de\/hsv-neu\/wp-content\/uploads\/2026\/01\/2026-01-Heimatpreis_1.jpeg?fit=2000%2C1500\" data-orig-size=\"2000,1500\" data-comments-opened=\"0\" data-image-meta=\"{&quot;aperture&quot;:&quot;0&quot;,&quot;credit&quot;:&quot;&quot;,&quot;camera&quot;:&quot;&quot;,&quot;caption&quot;:&quot;&quot;,&quot;created_timestamp&quot;:&quot;0&quot;,&quot;copyright&quot;:&quot;&quot;,&quot;focal_length&quot;:&quot;0&quot;,&quot;iso&quot;:&quot;0&quot;,&quot;shutter_speed&quot;:&quot;0&quot;,&quot;title&quot;:&quot;&quot;,&quot;orientation&quot;:&quot;0&quot;}\" data-image-title=\"2026-01 Heimatpreis_1\" data-image-description=\"\" data-image-caption=\"\" data-medium-file=\"https:\/\/i0.wp.com\/hsv-ovenhausen.de\/hsv-neu\/wp-content\/uploads\/2026\/01\/2026-01-Heimatpreis_1.jpeg?fit=300%2C225\" data-large-file=\"https:\/\/i0.wp.com\/hsv-ovenhausen.de\/hsv-neu\/wp-content\/uploads\/2026\/01\/2026-01-Heimatpreis_1.jpeg?fit=700%2C525\" \/><\/a><\/figure>\n\n<div class=\"wp-block-post-excerpt\"><p class=\"wp-block-post-excerpt__excerpt\">Was f\u00fcr eine gro\u00dfartige Anerkennung f\u00fcr Ovenhausen! Gestern durften wir beim Neujahrsempfang in der Stadthalle H\u00f6xter den Heimatpreis der Stadt H\u00f6xter entgegennehmen. 1. Platz f\u00fcr unser Heimatfest 2025 \u2013 aber vor allem eine riesige Wertsch\u00e4tzung f\u00fcr unser Dorf. Dieser Preis<\/p><p class=\"wp-block-post-excerpt__more-text\"><a class=\"wp-block-post-excerpt__more-link\" href=\"\/?p=4658\">weiterlesen&#8230;<\/a><\/p><\/div>\n\n\n<hr class=\"wp-block-separator has-css-opacity\"\/>\n\n\n<div class=\"wp-block-post-date\"><time datetime=\"2026-01-23T16:29:34+01:00\">23. Januar 2026<\/time><\/div>\n<\/li><li class=\"wp-block-post post-4654 post type-post status-publish format-standard hentry category-offiziere\">\n<h2 class=\"wp-block-post-title\">Einsammeln der Weihnachtsb\u00e4ume<\/h2>\n\n\n\n<div class=\"wp-block-post-excerpt\"><p class=\"wp-block-post-excerpt__excerpt\">Am 17.01.26 ist es wieder soweit. Die Tannenb\u00e4ume werden von den Offizieren eingesammelt. Bitte legt die Tannenb\u00e4ume gut sichtbar bis 08:30 Uhr an die Stra\u00dfe\/B\u00fcrgersteig. \u00dcber eine kleine Spende w\u00fcrden sich die Helfer sehr freuen. Viele Gr\u00fc\u00dfe Euer HSV Ovenhausen<\/p><p class=\"wp-block-post-excerpt__more-text\"><a class=\"wp-block-post-excerpt__more-link\" href=\"\/?p=4654\">weiterlesen&#8230;<\/a><\/p><\/div>\n\n\n<hr class=\"wp-block-separator has-css-opacity\"\/>\n\n\n<div class=\"wp-block-post-date\"><time datetime=\"2026-01-08T23:30:00+01:00\">8. Januar 2026<\/time><\/div>\n<\/li><li class=\"wp-block-post post-4531 post type-post status-publish format-standard has-post-thumbnail hentry category-offiziere\">\n<h2 class=\"wp-block-post-title\">Weihnachtsbaumverkauf der Offiziere<\/h2>\n\n<figure class=\"alignwide wp-block-post-featured-image\"><a href=\"\/?p=4531\" target=\"_self\"  ><img data-recalc-dims=\"1\" loading=\"lazy\" decoding=\"async\" width=\"700\" height=\"978\" src=\"https:\/\/i0.wp.com\/hsv-ovenhausen.de\/hsv-neu\/wp-content\/uploads\/2025\/12\/Weihnachtsbaumverkauf-2025.jpg?resize=700%2C978\" class=\"attachment-post-thumbnail size-post-thumbnail wp-post-image\" alt=\"Weihnachtsbaumverkauf der Offiziere\" style=\"object-fit:cover;\" srcset=\"https:\/\/i0.wp.com\/hsv-ovenhausen.de\/hsv-neu\/wp-content\/uploads\/2025\/12\/Weihnachtsbaumverkauf-2025.jpg?w=733 733w, https:\/\/i0.wp.com\/hsv-ovenhausen.de\/hsv-neu\/wp-content\/uploads\/2025\/12\/Weihnachtsbaumverkauf-2025.jpg?resize=215%2C300 215w\" sizes=\"auto, (max-width: 700px) 100vw, 700px\" data-attachment-id=\"4532\" data-permalink=\"\/?attachment_id=4532\" data-orig-file=\"https:\/\/i0.wp.com\/hsv-ovenhausen.de\/hsv-neu\/wp-content\/uploads\/2025\/12\/Weihnachtsbaumverkauf-2025.jpg?fit=733%2C1024\" data-orig-size=\"733,1024\" data-comments-opened=\"0\" data-image-meta=\"{&quot;aperture&quot;:&quot;0&quot;,&quot;credit&quot;:&quot;&quot;,&quot;camera&quot;:&quot;&quot;,&quot;caption&quot;:&quot;&quot;,&quot;created_timestamp&quot;:&quot;0&quot;,&quot;copyright&quot;:&quot;&quot;,&quot;focal_length&quot;:&quot;0&quot;,&quot;iso&quot;:&quot;0&quot;,&quot;shutter_speed&quot;:&quot;0&quot;,&quot;title&quot;:&quot;&quot;,&quot;orientation&quot;:&quot;0&quot;}\" data-image-title=\"Weihnachtsbaumverkauf 2025\" data-image-description=\"\" data-image-caption=\"\" data-medium-file=\"https:\/\/i0.wp.com\/hsv-ovenhausen.de\/hsv-neu\/wp-content\/uploads\/2025\/12\/Weihnachtsbaumverkauf-2025.jpg?fit=215%2C300\" data-large-file=\"https:\/\/i0.wp.com\/hsv-ovenhausen.de\/hsv-neu\/wp-content\/uploads\/2025\/12\/Weihnachtsbaumverkauf-2025.jpg?fit=700%2C978\" \/><\/a><\/figure>\n\n<div class=\"wp-block-post-excerpt\"><p class=\"wp-block-post-excerpt__excerpt\">Liebe Ovenh\u00e4userinnen und Ovenh\u00e4user, es ist wieder soweit! Die Offiziere bieten auch in diesem Jahr den Weihnachtsbaumverkauf samt kostenloser Lieferung innerhalb von Ovenhausen an. Wann: 13.12.25 =&gt; 08:00-13:00 Uhr Wo: Parkplatz am Pfarrheim F\u00fcr das leiblich Wohl ist ebenfalls gesorgt.<\/p><p class=\"wp-block-post-excerpt__more-text\"><a class=\"wp-block-post-excerpt__more-link\" href=\"\/?p=4531\">weiterlesen&#8230;<\/a><\/p><\/div>\n\n\n<hr class=\"wp-block-separator has-css-opacity\"\/>\n\n\n<div class=\"wp-block-post-date\"><time datetime=\"2025-11-27T17:22:00+01:00\">27. November 2025<\/time><\/div>\n<\/li><li class=\"wp-block-post post-4528 post type-post status-publish format-standard has-post-thumbnail hentry category-elferrat tag-karneval\">\n<h2 class=\"wp-block-post-title\">Verschenken Sie ein L\u00e4cheln<\/h2>\n\n<figure class=\"alignwide wp-block-post-featured-image\"><a href=\"\/?p=4528\" target=\"_self\"  ><img data-recalc-dims=\"1\" loading=\"lazy\" decoding=\"async\" width=\"700\" height=\"525\" src=\"https:\/\/i0.wp.com\/hsv-ovenhausen.de\/hsv-neu\/wp-content\/uploads\/2025\/12\/Elferat-2025-Spendenaktion.jpg?resize=700%2C525\" class=\"attachment-post-thumbnail size-post-thumbnail wp-post-image\" alt=\"Verschenken Sie ein L\u00e4cheln\" style=\"object-fit:cover;\" srcset=\"https:\/\/i0.wp.com\/hsv-ovenhausen.de\/hsv-neu\/wp-content\/uploads\/2025\/12\/Elferat-2025-Spendenaktion.jpg?w=1024 1024w, https:\/\/i0.wp.com\/hsv-ovenhausen.de\/hsv-neu\/wp-content\/uploads\/2025\/12\/Elferat-2025-Spendenaktion.jpg?resize=300%2C225 300w, https:\/\/i0.wp.com\/hsv-ovenhausen.de\/hsv-neu\/wp-content\/uploads\/2025\/12\/Elferat-2025-Spendenaktion.jpg?resize=768%2C576 768w\" sizes=\"auto, (max-width: 700px) 100vw, 700px\" data-attachment-id=\"4529\" data-permalink=\"\/?attachment_id=4529\" data-orig-file=\"https:\/\/i0.wp.com\/hsv-ovenhausen.de\/hsv-neu\/wp-content\/uploads\/2025\/12\/Elferat-2025-Spendenaktion.jpg?fit=1024%2C768\" data-orig-size=\"1024,768\" data-comments-opened=\"0\" data-image-meta=\"{&quot;aperture&quot;:&quot;0&quot;,&quot;credit&quot;:&quot;&quot;,&quot;camera&quot;:&quot;&quot;,&quot;caption&quot;:&quot;&quot;,&quot;created_timestamp&quot;:&quot;0&quot;,&quot;copyright&quot;:&quot;&quot;,&quot;focal_length&quot;:&quot;0&quot;,&quot;iso&quot;:&quot;0&quot;,&quot;shutter_speed&quot;:&quot;0&quot;,&quot;title&quot;:&quot;&quot;,&quot;orientation&quot;:&quot;0&quot;}\" data-image-title=\"Elferat 2025 &amp;#8211; Spendenaktion\" data-image-description=\"\" data-image-caption=\"\" data-medium-file=\"https:\/\/i0.wp.com\/hsv-ovenhausen.de\/hsv-neu\/wp-content\/uploads\/2025\/12\/Elferat-2025-Spendenaktion.jpg?fit=300%2C225\" data-large-file=\"https:\/\/i0.wp.com\/hsv-ovenhausen.de\/hsv-neu\/wp-content\/uploads\/2025\/12\/Elferat-2025-Spendenaktion.jpg?fit=700%2C525\" \/><\/a><\/figure>\n\n<div class=\"wp-block-post-excerpt\"><p class=\"wp-block-post-excerpt__excerpt\">Liebe Mitb\u00fcrgerinnen und Mitb\u00fcrger! Wie in jedem Jahr starten wir auch 2025 wieder unsere Aktion \u201eVerschenken Sie ein L\u00e4cheln\u201c. Finanzielle N\u00f6teschr\u00e4nken viele Menschen ein, Grundnahrungsmittel oder Dinge des t\u00e4glichen Bedarfs zu kaufen. F\u00fcr all dieseMenschen engagieren sich die Mitarbeiter der<\/p><p class=\"wp-block-post-excerpt__more-text\"><a class=\"wp-block-post-excerpt__more-link\" href=\"\/?p=4528\">weiterlesen&#8230;<\/a><\/p><\/div>\n\n\n<hr class=\"wp-block-separator has-css-opacity\"\/>\n\n\n<div class=\"wp-block-post-date\"><time datetime=\"2025-11-14T21:40:00+01:00\">14. November 2025<\/time><\/div>\n<\/li><li class=\"wp-block-post post-4525 post type-post status-publish format-standard has-post-thumbnail hentry category-schiesssport tag-schiesssport\">\n<h2 class=\"wp-block-post-title\">Ovenhausen besetzt bei den Kreismeisterschaften das komplette Podest<\/h2>\n\n<figure class=\"alignwide wp-block-post-featured-image\"><a href=\"\/?p=4525\" target=\"_self\"  ><img data-recalc-dims=\"1\" loading=\"lazy\" decoding=\"async\" width=\"700\" height=\"579\" src=\"https:\/\/i0.wp.com\/hsv-ovenhausen.de\/hsv-neu\/wp-content\/uploads\/2025\/12\/Schutzen.jpg?resize=700%2C579\" class=\"attachment-post-thumbnail size-post-thumbnail wp-post-image\" alt=\"Ovenhausen besetzt bei den Kreismeisterschaften das komplette Podest\" style=\"object-fit:cover;\" srcset=\"https:\/\/i0.wp.com\/hsv-ovenhausen.de\/hsv-neu\/wp-content\/uploads\/2025\/12\/Schutzen.jpg?w=877 877w, https:\/\/i0.wp.com\/hsv-ovenhausen.de\/hsv-neu\/wp-content\/uploads\/2025\/12\/Schutzen.jpg?resize=300%2C248 300w, https:\/\/i0.wp.com\/hsv-ovenhausen.de\/hsv-neu\/wp-content\/uploads\/2025\/12\/Schutzen.jpg?resize=768%2C635 768w\" sizes=\"auto, (max-width: 700px) 100vw, 700px\" data-attachment-id=\"4526\" data-permalink=\"\/?attachment_id=4526\" data-orig-file=\"https:\/\/i0.wp.com\/hsv-ovenhausen.de\/hsv-neu\/wp-content\/uploads\/2025\/12\/Schutzen.jpg?fit=877%2C725\" data-orig-size=\"877,725\" data-comments-opened=\"0\" data-image-meta=\"{&quot;aperture&quot;:&quot;0&quot;,&quot;credit&quot;:&quot;&quot;,&quot;camera&quot;:&quot;&quot;,&quot;caption&quot;:&quot;&quot;,&quot;created_timestamp&quot;:&quot;0&quot;,&quot;copyright&quot;:&quot;&quot;,&quot;focal_length&quot;:&quot;0&quot;,&quot;iso&quot;:&quot;0&quot;,&quot;shutter_speed&quot;:&quot;0&quot;,&quot;title&quot;:&quot;&quot;,&quot;orientation&quot;:&quot;0&quot;}\" data-image-title=\"Schutzen\" data-image-description=\"\" data-image-caption=\"\" data-medium-file=\"https:\/\/i0.wp.com\/hsv-ovenhausen.de\/hsv-neu\/wp-content\/uploads\/2025\/12\/Schutzen.jpg?fit=300%2C248\" data-large-file=\"https:\/\/i0.wp.com\/hsv-ovenhausen.de\/hsv-neu\/wp-content\/uploads\/2025\/12\/Schutzen.jpg?fit=700%2C579\" \/><\/a><\/figure>\n\n<div class=\"wp-block-post-excerpt\"><p class=\"wp-block-post-excerpt__excerpt\">Hallo liebe Ovenh\u00e4userinnen und Ovenh\u00e4user, die Schie\u00dfgruppe hat mal wieder Gro\u00dfartiges geleistet! Zum Artikel Herzlichen Gl\u00fcckwunsch daf\u00fcr und weiterhin \u201egut Schuss\u201c! Wir freuen uns weiterhin von euch zu h\u00f6ren.<\/p><p class=\"wp-block-post-excerpt__more-text\"><a class=\"wp-block-post-excerpt__more-link\" href=\"\/?p=4525\">weiterlesen&#8230;<\/a><\/p><\/div>\n\n\n<hr class=\"wp-block-separator has-css-opacity\"\/>\n\n\n<div class=\"wp-block-post-date\"><time datetime=\"2025-10-27T20:07:00+01:00\">27. Oktober 2025<\/time><\/div>\n<\/li><li class=\"wp-block-post post-4520 post type-post status-publish format-standard has-post-thumbnail hentry category-schiesssport tag-schiesssport\">\n<h2 class=\"wp-block-post-title\">Neues von den Sportsch\u00fctzen aus Ovenhausen<\/h2>\n\n<figure class=\"alignwide wp-block-post-featured-image\"><a href=\"\/?p=4520\" target=\"_self\"  ><img data-recalc-dims=\"1\" loading=\"lazy\" decoding=\"async\" width=\"700\" height=\"462\" src=\"https:\/\/i0.wp.com\/hsv-ovenhausen.de\/hsv-neu\/wp-content\/uploads\/2025\/12\/Schuetzen-2025.webp?resize=700%2C462\" class=\"attachment-post-thumbnail size-post-thumbnail wp-post-image\" alt=\"Neues von den Sportsch\u00fctzen aus Ovenhausen\" style=\"object-fit:cover;\" srcset=\"https:\/\/i0.wp.com\/hsv-ovenhausen.de\/hsv-neu\/wp-content\/uploads\/2025\/12\/Schuetzen-2025.webp?w=2048 2048w, https:\/\/i0.wp.com\/hsv-ovenhausen.de\/hsv-neu\/wp-content\/uploads\/2025\/12\/Schuetzen-2025.webp?resize=300%2C198 300w, https:\/\/i0.wp.com\/hsv-ovenhausen.de\/hsv-neu\/wp-content\/uploads\/2025\/12\/Schuetzen-2025.webp?resize=1024%2C676 1024w, https:\/\/i0.wp.com\/hsv-ovenhausen.de\/hsv-neu\/wp-content\/uploads\/2025\/12\/Schuetzen-2025.webp?resize=768%2C507 768w, https:\/\/i0.wp.com\/hsv-ovenhausen.de\/hsv-neu\/wp-content\/uploads\/2025\/12\/Schuetzen-2025.webp?resize=1536%2C1014 1536w, https:\/\/i0.wp.com\/hsv-ovenhausen.de\/hsv-neu\/wp-content\/uploads\/2025\/12\/Schuetzen-2025.webp?w=1400 1400w\" sizes=\"auto, (max-width: 700px) 100vw, 700px\" data-attachment-id=\"4521\" data-permalink=\"\/?attachment_id=4521\" data-orig-file=\"https:\/\/i0.wp.com\/hsv-ovenhausen.de\/hsv-neu\/wp-content\/uploads\/2025\/12\/Schuetzen-2025.webp?fit=2048%2C1352\" data-orig-size=\"2048,1352\" data-comments-opened=\"0\" data-image-meta=\"{&quot;aperture&quot;:&quot;0&quot;,&quot;credit&quot;:&quot;&quot;,&quot;camera&quot;:&quot;&quot;,&quot;caption&quot;:&quot;&quot;,&quot;created_timestamp&quot;:&quot;0&quot;,&quot;copyright&quot;:&quot;&quot;,&quot;focal_length&quot;:&quot;0&quot;,&quot;iso&quot;:&quot;0&quot;,&quot;shutter_speed&quot;:&quot;0&quot;,&quot;title&quot;:&quot;&quot;,&quot;orientation&quot;:&quot;0&quot;}\" data-image-title=\"Sch\u00fctzen 2025\" data-image-description=\"\" data-image-caption=\"\" data-medium-file=\"https:\/\/i0.wp.com\/hsv-ovenhausen.de\/hsv-neu\/wp-content\/uploads\/2025\/12\/Schuetzen-2025.webp?fit=300%2C198\" data-large-file=\"https:\/\/i0.wp.com\/hsv-ovenhausen.de\/hsv-neu\/wp-content\/uploads\/2025\/12\/Schuetzen-2025.webp?fit=700%2C462\" \/><\/a><\/figure>\n\n<div class=\"wp-block-post-excerpt\"><p class=\"wp-block-post-excerpt__excerpt\">Hallo liebe Ovenh\u00e4userinnen und Ovenh\u00e4user, die Sportsch\u00fctzen des HSV Ovenhausen sind mal wieder stark in die Saison gestartet. https:\/\/www.westfalen-blatt.de\/lokalsport\/kreis-hoexter\/hsv-ovenhausen-sportschiessen-3412786?pid=true&amp;ueg=default Ich denke wir sind uns alle einig, dass unsere Sportsch\u00fctzen au\u00dferordentliches leisten und sind gespannt auf die weiteren Erfolge. Wir w\u00fcnschen<\/p><p class=\"wp-block-post-excerpt__more-text\"><a class=\"wp-block-post-excerpt__more-link\" href=\"\/?p=4520\">weiterlesen&#8230;<\/a><\/p><\/div>\n\n\n<hr class=\"wp-block-separator has-css-opacity\"\/>\n\n\n<div class=\"wp-block-post-date\"><time datetime=\"2025-10-23T17:33:00+02:00\">23. Oktober 2025<\/time><\/div>\n<\/li><li class=\"wp-block-post post-4518 post type-post status-publish format-standard hentry category-allgemein\">\n<h2 class=\"wp-block-post-title\">Einladung Wandertag Sch\u00fctzengilde H\u00f6xter<\/h2>\n\n\n\n<div class=\"wp-block-post-excerpt\"><p class=\"wp-block-post-excerpt__excerpt\">Hallo liebe Ovenh\u00e4userinnen und Ovenh\u00e4user, die Sch\u00fctzengilde H\u00f6xter organisiert derzeit einen Wandertag mit L\u00fctmarsen, Bosseborn und Ovenhausen zusammen. Hierzu einmal die Einladung. Einladung Wandertag Sch\u00fctzengilde H\u00f6xter 2025 Wir als Vorstand finden das eine tolle Idee und freuen uns auf ein<\/p><p class=\"wp-block-post-excerpt__more-text\"><a class=\"wp-block-post-excerpt__more-link\" href=\"\/?p=4518\">weiterlesen&#8230;<\/a><\/p><\/div>\n\n\n<hr class=\"wp-block-separator has-css-opacity\"\/>\n\n\n<div class=\"wp-block-post-date\"><time datetime=\"2025-09-16T19:40:00+02:00\">16. September 2025<\/time><\/div>\n<\/li><\/ul><\/div>\n","protected":false},"excerpt":{"rendered":"","protected":false},"author":12,"featured_media":0,"parent":0,"menu_order":0,"comment_status":"closed","ping_status":"closed","template":"templates\/template-blog-large-image.php","meta":{"jetpack_post_was_ever_published":false,"footnotes":""},"class_list":["post-4299","page","type-page","status-publish","hentry"],"jetpack_sharing_enabled":true,"jetpack_shortlink":"https:\/\/wp.me\/P7qpVN-17l","jetpack-related-posts":[],"_links":{"self":[{"href":"\/index.php?rest_route=\/wp\/v2\/pages\/4299","targetHints":{"allow":["GET"]}}],"collection":[{"href":"\/index.php?rest_route=\/wp\/v2\/pages"}],"about":[{"href":"\/index.php?rest_route=\/wp\/v2\/types\/page"}],"author":[{"embeddable":true,"href":"\/index.php?rest_route=\/wp\/v2\/users\/12"}],"replies":[{"embeddable":true,"href":"\/index.php?rest_route=%2Fwp%2Fv2%2Fcomments&post=4299"}],"version-history":[{"count":5,"href":"\/index.php?rest_route=\/wp\/v2\/pages\/4299\/revisions"}],"predecessor-version":[{"id":4304,"href":"\/index.php?rest_route=\/wp\/v2\/pages\/4299\/revisions\/4304"}],"wp:attachment":[{"href":"\/index.php?rest_route=%2Fwp%2Fv2%2Fmedia&parent=4299"}],"curies":[{"name":"wp","href":"https:\/\/api.w.org\/{rel}","templated":true}]}}