{"id":4147,"date":"2025-07-01T12:25:41","date_gmt":"2025-07-01T10:25:41","guid":{"rendered":"\/?page_id=4147"},"modified":"2025-07-23T19:30:28","modified_gmt":"2025-07-23T17:30:28","slug":"heimatfest-2025-preise-und-kartenvorverkauf","status":"publish","type":"page","link":"\/?page_id=4147","title":{"rendered":"Heimatfest 2025 &#8211; Kartenvorverkauf und Preise"},"content":{"rendered":"\n<h2 class=\"wp-block-heading\">Vorverkaufsstellen<\/h2>\n\n\n\n<p>Karten k\u00f6nnen Vorort und Online (f\u00fcr Freitag und Samstag) erworben werden:<\/p>\n\n\n\n<ul class=\"wp-block-list\">\n<li>Backerei Wiegers in Ovenhausen (<a href=\"https:\/\/maps.app.goo.gl\/N1BBKnqZTpC512u77\" data-type=\"link\" data-id=\"https:\/\/maps.app.goo.gl\/N1BBKnqZTpC512u77\" target=\"_blank\" rel=\"noreferrer noopener nofollow\">Google Maps<\/a>)<\/li>\n\n\n\n<li>B\u00e4ckerei Engel in H\u00f6xter (Pfennigbreite) (<a href=\"https:\/\/maps.app.goo.gl\/HYijRyj4DGQM5vQz7\" data-type=\"link\" data-id=\"https:\/\/maps.app.goo.gl\/N1BBKnqZTpC512u77\" target=\"_blank\" rel=\"noreferrer noopener nofollow\">Google Maps<\/a>)<\/li>\n\n\n\n<li>B\u00e4ckerei Engel in H\u00f6xter (Brenkh\u00e4user Stra\u00dfe) (<a href=\"https:\/\/maps.app.goo.gl\/qWmAJR6U3DmHJwD56\" data-type=\"link\" data-id=\"https:\/\/maps.app.goo.gl\/N1BBKnqZTpC512u77\" target=\"_blank\" rel=\"noreferrer noopener nofollow\">Google Maps<\/a>)<\/li>\n\n\n\n<li><a href=\"https:\/\/www.eventim-light.com\/de\/a\/63bdb9f387311c0660cfaf9d\/\">Eventim<\/a><\/li>\n<\/ul>\n\n\n\n<h2 class=\"wp-block-heading\">Preise<\/h2>\n\n\n\n<p><strong>Fr, 25.07.2025 &#8211; Westf\u00e4lischer Abend<\/strong><br \/> &#8211; Vorverkauf: 10\u20ac und optional Westf\u00e4lischer Snack: 6\u20ac<br \/> &#8211; Abendkasse: 12\u20ac (Westf\u00e4lischer Snack nur im Vorverkauf)<\/p>\n\n\n\n<p><strong>Samstag, 26.07.2025 &#8211; Party im Festzelt<\/strong><br \/> &#8211; Vorverkauf: 9\u20ac<br \/> &#8211; Abendkasse: 9\u20ac<\/p>\n\n\n\n<p><strong>So, 27.07.2025 &#8211; Historischer Umzug<\/strong><br \/> &#8211; Eintritt: 4\u20ac (ab 16 Jahren)<br \/><strong>So, 27.07.2025 &#8211; Tanz im Festzelt<\/strong><br \/> &#8211; Eintritt frei<\/p>\n\n\n\n<p><strong>Mo, 28.07.2025 &#8211; Sch\u00fctzenfr\u00fchst\u00fcck<\/strong><br \/> &#8211; Eintritt frei<br \/> &#8211; Fr\u00fchst\u00fccksmarke: 8\u20ac<\/p>\n\n\n\n<p>Mitglieder des HSV erhalten 2 Karten f\u00fcr den Samstag und 1 Marke f\u00fcr das Sch\u00fctzenfr\u00fchst\u00fcck.<\/p>\n\n\n\n<hr class=\"wp-block-separator has-alpha-channel-opacity\"\/>\n\n\n\n<figure class=\"wp-block-gallery has-nested-images columns-default is-cropped wp-block-gallery-1 is-layout-flex wp-block-gallery-is-layout-flex\">\n<figure class=\"wp-block-image size-full\"><a href=\"https:\/\/i0.wp.com\/hsv-ovenhausen.de\/hsv-neu\/wp-content\/uploads\/2025\/07\/PLAKAT_Heimatfest_2025_A2_Ansicht-scaled.jpg?ssl=1\"><img data-recalc-dims=\"1\" loading=\"lazy\" decoding=\"async\" width=\"700\" height=\"990\" data-attachment-id=\"4264\" data-permalink=\"\/?attachment_id=4264\" data-orig-file=\"https:\/\/i0.wp.com\/hsv-ovenhausen.de\/hsv-neu\/wp-content\/uploads\/2025\/07\/PLAKAT_Heimatfest_2025_A2_Ansicht-scaled.jpg?fit=1810%2C2560\" data-orig-size=\"1810,2560\" data-comments-opened=\"0\" data-image-meta=\"{&quot;aperture&quot;:&quot;0&quot;,&quot;credit&quot;:&quot;&quot;,&quot;camera&quot;:&quot;&quot;,&quot;caption&quot;:&quot;&quot;,&quot;created_timestamp&quot;:&quot;0&quot;,&quot;copyright&quot;:&quot;&quot;,&quot;focal_length&quot;:&quot;0&quot;,&quot;iso&quot;:&quot;0&quot;,&quot;shutter_speed&quot;:&quot;0&quot;,&quot;title&quot;:&quot;&quot;,&quot;orientation&quot;:&quot;0&quot;}\" data-image-title=\"PLAKAT_Heimatfest_2025_A2_Ansicht\" data-image-description=\"\" data-image-caption=\"\" data-medium-file=\"https:\/\/i0.wp.com\/hsv-ovenhausen.de\/hsv-neu\/wp-content\/uploads\/2025\/07\/PLAKAT_Heimatfest_2025_A2_Ansicht-scaled.jpg?fit=212%2C300\" data-large-file=\"https:\/\/i0.wp.com\/hsv-ovenhausen.de\/hsv-neu\/wp-content\/uploads\/2025\/07\/PLAKAT_Heimatfest_2025_A2_Ansicht-scaled.jpg?fit=700%2C990\" data-id=\"4264\" src=\"https:\/\/i0.wp.com\/hsv-ovenhausen.de\/hsv-neu\/wp-content\/uploads\/2025\/07\/PLAKAT_Heimatfest_2025_A2_Ansicht-scaled.jpg?resize=700%2C990&#038;ssl=1\" alt=\"\" class=\"wp-image-4264\" srcset=\"https:\/\/i0.wp.com\/hsv-ovenhausen.de\/hsv-neu\/wp-content\/uploads\/2025\/07\/PLAKAT_Heimatfest_2025_A2_Ansicht-scaled.jpg?w=1810 1810w, https:\/\/i0.wp.com\/hsv-ovenhausen.de\/hsv-neu\/wp-content\/uploads\/2025\/07\/PLAKAT_Heimatfest_2025_A2_Ansicht-scaled.jpg?resize=212%2C300 212w, https:\/\/i0.wp.com\/hsv-ovenhausen.de\/hsv-neu\/wp-content\/uploads\/2025\/07\/PLAKAT_Heimatfest_2025_A2_Ansicht-scaled.jpg?resize=724%2C1024 724w, https:\/\/i0.wp.com\/hsv-ovenhausen.de\/hsv-neu\/wp-content\/uploads\/2025\/07\/PLAKAT_Heimatfest_2025_A2_Ansicht-scaled.jpg?resize=768%2C1086 768w, https:\/\/i0.wp.com\/hsv-ovenhausen.de\/hsv-neu\/wp-content\/uploads\/2025\/07\/PLAKAT_Heimatfest_2025_A2_Ansicht-scaled.jpg?resize=1086%2C1536 1086w, https:\/\/i0.wp.com\/hsv-ovenhausen.de\/hsv-neu\/wp-content\/uploads\/2025\/07\/PLAKAT_Heimatfest_2025_A2_Ansicht-scaled.jpg?resize=1448%2C2048 1448w\" sizes=\"auto, (max-width: 700px) 100vw, 700px\" \/><\/a><\/figure>\n<\/figure>\n","protected":false},"excerpt":{"rendered":"<p>Vorverkaufsstellen Karten k\u00f6nnen Vorort und Online (f\u00fcr Freitag und Samstag) erworben werden: Preise Fr, 25.07.2025 &#8211; Westf\u00e4lischer Abend &#8211; Vorverkauf: 10\u20ac und optional Westf\u00e4lischer Snack: 6\u20ac &#8211; Abendkasse: 12\u20ac (Westf\u00e4lischer Snack nur im Vorverkauf) Samstag, 26.07.2025 &#8211; Party im Festzelt&hellip; <\/p>\n","protected":false},"author":12,"featured_media":0,"parent":0,"menu_order":0,"comment_status":"closed","ping_status":"closed","template":"","meta":{"jetpack_post_was_ever_published":false,"footnotes":""},"class_list":["post-4147","page","type-page","status-publish","hentry"],"jetpack_sharing_enabled":true,"jetpack_shortlink":"https:\/\/wp.me\/P7qpVN-14T","jetpack-related-posts":[{"id":23,"url":"\/?page_id=23","url_meta":{"origin":4147,"position":0},"title":"Vorstand","author":"Christoph Klocke","date":"12. August 2014","format":false,"excerpt":"Aufgabenverteilung im Vorstand 1. Vorsitzender Sebastian Werpup Heiligenbergstra\u00dfe 6 37671 H\u00f6xter - Ovenhausen Mobil: 0174 7457356 E-Mail: sebastian.werpup@hsv-ovenhausen.de 1. Schriftf\u00fchrer Grit Winkelhahn Prozessionsweg 6 37671 H\u00f6xter - Ovenhausen Mobil: 01522 9981380 E-Mail: grit.winkelhahn@hsv-ovenhausen.de 1. Kassierer Thorsten Ludwig Rohrweg 55 37671 H\u00f6xter Mobil: 0172 5775537 E-Mail: thorsten.ludwig@hsv-ovenhausen.de 2. Vorsitzender Klaus Winkelhahn\u2026","rel":"","context":"\u00c4hnlicher Beitrag","block_context":{"text":"\u00c4hnlicher Beitrag","link":""},"img":{"alt_text":"","src":"https:\/\/i0.wp.com\/hsv-ovenhausen.de\/hsv-neu\/wp-content\/uploads\/2024\/10\/Vorstand-2024-Vorstand-scaled.jpg?fit=1200%2C900&resize=350%2C200","width":350,"height":200,"srcset":"https:\/\/i0.wp.com\/hsv-ovenhausen.de\/hsv-neu\/wp-content\/uploads\/2024\/10\/Vorstand-2024-Vorstand-scaled.jpg?fit=1200%2C900&resize=350%2C200 1x, https:\/\/i0.wp.com\/hsv-ovenhausen.de\/hsv-neu\/wp-content\/uploads\/2024\/10\/Vorstand-2024-Vorstand-scaled.jpg?fit=1200%2C900&resize=525%2C300 1.5x, https:\/\/i0.wp.com\/hsv-ovenhausen.de\/hsv-neu\/wp-content\/uploads\/2024\/10\/Vorstand-2024-Vorstand-scaled.jpg?fit=1200%2C900&resize=700%2C400 2x, https:\/\/i0.wp.com\/hsv-ovenhausen.de\/hsv-neu\/wp-content\/uploads\/2024\/10\/Vorstand-2024-Vorstand-scaled.jpg?fit=1200%2C900&resize=1050%2C600 3x"},"classes":[]},{"id":4372,"url":"\/?page_id=4372","url_meta":{"origin":4147,"position":1},"title":"Historischer Festumzug &#8211; Alles auf einen Blick","author":"Matthias Gorzolka","date":"22. Juli 2025","format":false,"excerpt":"Der gro\u00dfe historische Festumzug am Sonntag mit insgesamt \u00fcber 1.000 Teilnehmern, 14 Wagen, 13 Fu\u00dfgruppen und dem gro\u00dfem Sch\u00fctzenumzug mit 16 Gastvereinen und 8 Musikvereinen ist das Highlight des Heimatfestes. Traditionell wird dazu die Ortschaft f\u00fcr den Stra\u00dfenverkehr von 11:00 Uhr bis 20:00 Uhr gesperrt. Am Festplatz geht es nach\u2026","rel":"","context":"\u00c4hnlicher Beitrag","block_context":{"text":"\u00c4hnlicher Beitrag","link":""},"img":{"alt_text":"","src":"https:\/\/i0.wp.com\/hsv-ovenhausen.de\/hsv-neu\/wp-content\/uploads\/2025\/07\/Sonntag.jpg?resize=350%2C200","width":350,"height":200,"srcset":"https:\/\/i0.wp.com\/hsv-ovenhausen.de\/hsv-neu\/wp-content\/uploads\/2025\/07\/Sonntag.jpg?resize=350%2C200 1x, https:\/\/i0.wp.com\/hsv-ovenhausen.de\/hsv-neu\/wp-content\/uploads\/2025\/07\/Sonntag.jpg?resize=525%2C300 1.5x, https:\/\/i0.wp.com\/hsv-ovenhausen.de\/hsv-neu\/wp-content\/uploads\/2025\/07\/Sonntag.jpg?resize=700%2C400 2x, https:\/\/i0.wp.com\/hsv-ovenhausen.de\/hsv-neu\/wp-content\/uploads\/2025\/07\/Sonntag.jpg?resize=1050%2C600 3x, https:\/\/i0.wp.com\/hsv-ovenhausen.de\/hsv-neu\/wp-content\/uploads\/2025\/07\/Sonntag.jpg?resize=1400%2C800 4x"},"classes":[]},{"id":115,"url":"\/?page_id=115","url_meta":{"origin":4147,"position":2},"title":"Kontakt","author":"Sebastian Werpup","date":"17. Januar 2015","format":false,"excerpt":"Heimat- und Sch\u00fctzenverein Ovenhausen von 1575 e.V. 1. Vorsitzender Sebastian Werpup Heiligenbergstra\u00dfe 6 37671 H\u00f6xter-Ovenhausen Tel.: \u00a005278\/952633 Mobil:\u00a00174\/7457356 E-Mail:\u00a0Sebastian.Werpup@Hsv-Ovenhausen.de 1. Schriftf\u00fchrerin Grit Winkelhahn Prozessionsweg 6 37671 H\u00f6xter-Ovenhausen E-Mail: Grit.Winkelhahn@Hsv-Ovenhausen.de Info's Termine f\u00fcr den Kalender: Termine@hsv-ovenhausen.de","rel":"","context":"\u00c4hnlicher Beitrag","block_context":{"text":"\u00c4hnlicher Beitrag","link":""},"img":{"alt_text":"","src":"","width":0,"height":0},"classes":[]},{"id":2537,"url":"\/?page_id=2537","url_meta":{"origin":4147,"position":3},"title":"2017","author":"Martin Bahr","date":"6. Januar 2017","format":false,"excerpt":"Nach dem gro\u00dfen Erfolg beim LG, \u00fcberlie\u00dfen die \u201eSenioren A\u201c des HSV Ovenhausen nichts dem Zufall. Konzentriert mit tollen Ergebnissen wurde auch dieser Wettbewerb KK 50 Meter gewonnen und der Kreismeistertitel 2017, wie bereits im letzten Jahr, \u00a0gesichert. In Beller wurde die Disziplin KK 50 Meter geschossen 1 - HSV\u2026","rel":"","context":"\u00c4hnlicher Beitrag","block_context":{"text":"\u00c4hnlicher Beitrag","link":""},"img":{"alt_text":"","src":"https:\/\/i0.wp.com\/hsv-ovenhausen.de\/hsv-neu\/wp-content\/uploads\/2017\/01\/DSC_6684_pp-4-1-300x200.jpg?resize=350%2C200","width":350,"height":200},"classes":[]},{"id":29,"url":"\/?page_id=29","url_meta":{"origin":4147,"position":4},"title":"Schie\u00dfsport (alte Seite)","author":"Martin Bahr","date":"12. August 2014","format":false,"excerpt":"Spitzenreiter in der Leistungsklasse - HSV holt Top-Platzierungen und Titel Ob Luftgewehr oder Kleinkaliber \u2013 die Sportsch\u00fctzen des HSV Ovenhausen sind im Kreis H\u00f6xter die treffsichersten. Sogar auf Bundesebene hat es f\u00fcr einen Sportler im Oktober Grund zum Jubeln gegeben. Bei der Deutschen Meisterschaft in Hannover landete Ewald Hanke mit\u2026","rel":"","context":"\u00c4hnlicher Beitrag","block_context":{"text":"\u00c4hnlicher Beitrag","link":""},"img":{"alt_text":"Mit Kleinkaliber und Luftgewehr auf Titeljagd. Das sind die f\u00fcnf Sch\u00fctzen (von links): Ewald Hanke, Bernward Mutter, Martin Bahr, J\u00fcrgen Todt und Markus B\u00f6melburg. Der HSV Ovenhausen belegt in der Leistungsklasse Rang eins. Foto: Oliver Temme","src":"https:\/\/i0.wp.com\/test.hsv-ovenhausen.de\/hsv-neu\/wp-content\/uploads\/2014\/08\/Schiessgruppe.jpg?resize=350%2C200","width":350,"height":200},"classes":[]},{"id":2532,"url":"\/?page_id=2532","url_meta":{"origin":4147,"position":5},"title":"2017","author":"Martin Bahr","date":"6. Januar 2017","format":false,"excerpt":"Die \u201eSenioren A\u201c \u00a0des HSV Ovenhausen siegen souver\u00e4n bei den Kreismeisterschaften 2017 In L\u00fcgeneder wurde die Disziplin LG 10 Meter ausgetragen 1 - HSV Ovenhausen e.V. \u00a0mit \u00a0\u00a0\u00a0\u00a0\u00a0\u00a0\u00a0\u00a0\u00a0\u00a0\u00a0\u00a0\u00a0\u00a0\u00a0\u00a0\u00a0 897 Ring 2 - BSV Brakel e.V 1 . mit\u00a0\u00a0\u00a0\u00a0\u00a0\u00a0\u00a0\u00a0\u00a0\u00a0\u00a0\u00a0\u00a0\u00a0\u00a0\u00a0\u00a0\u00a0\u00a0\u00a0\u00a0\u00a0\u00a0\u00a0\u00a0\u00a0 890 Ring 3 - BSV Brakel e.V. 2 mit\u00a0\u00a0\u00a0\u00a0\u00a0\u00a0\u00a0\u00a0\u00a0\u00a0\u00a0\u00a0\u00a0\u00a0\u00a0\u00a0\u00a0\u00a0\u00a0\u00a0\u00a0\u00a0\u00a0\u00a0\u00a0\u00a0\u00a0 887 Ring 4\u2026","rel":"","context":"\u00c4hnlicher Beitrag","block_context":{"text":"\u00c4hnlicher Beitrag","link":""},"img":{"alt_text":"","src":"https:\/\/i0.wp.com\/hsv-ovenhausen.de\/hsv-neu\/wp-content\/uploads\/2017\/01\/DSC_6684_pp-4-300x200.jpg?resize=350%2C200","width":350,"height":200},"classes":[]}],"_links":{"self":[{"href":"\/index.php?rest_route=\/wp\/v2\/pages\/4147","targetHints":{"allow":["GET"]}}],"collection":[{"href":"\/index.php?rest_route=\/wp\/v2\/pages"}],"about":[{"href":"\/index.php?rest_route=\/wp\/v2\/types\/page"}],"author":[{"embeddable":true,"href":"\/index.php?rest_route=\/wp\/v2\/users\/12"}],"replies":[{"embeddable":true,"href":"\/index.php?rest_route=%2Fwp%2Fv2%2Fcomments&post=4147"}],"version-history":[{"count":22,"href":"\/index.php?rest_route=\/wp\/v2\/pages\/4147\/revisions"}],"predecessor-version":[{"id":4434,"href":"\/index.php?rest_route=\/wp\/v2\/pages\/4147\/revisions\/4434"}],"wp:attachment":[{"href":"\/index.php?rest_route=%2Fwp%2Fv2%2Fmedia&parent=4147"}],"curies":[{"name":"wp","href":"https:\/\/api.w.org\/{rel}","templated":true}]}}