{"id":31,"date":"2014-08-12T22:35:24","date_gmt":"2014-08-12T20:35:24","guid":{"rendered":"http:\/\/test.hsv-ovenhausen.de\/hsv-neu\/?page_id=31"},"modified":"2022-07-27T09:23:00","modified_gmt":"2022-07-27T07:23:00","slug":"koenige","status":"publish","type":"page","link":"\/?page_id=31","title":{"rendered":"K\u00f6nige"},"content":{"rendered":"<p style=\"text-align: left;\"><strong> Ehemalige Sch\u00fctzenk\u00f6nige\u00a0<\/strong><strong>des Heimat- und Sch\u00fctzenverein<br \/>\nOvenhausen von 1575 e. V. <\/strong><\/p>\n<table border=\"0\" cellspacing=\"0\" cellpadding=\"4\">\n<tbody>\n<tr style=\"height: 24px;\">\n<td style=\"height: 24px;\" width=\"60\">1913<\/td>\n<td style=\"height: 24px;\" width=\"484\">Karl Zimmermann und seine Schwester Anna<\/td>\n<\/tr>\n<tr style=\"height: 24px;\">\n<td style=\"height: 24px;\">1928<\/td>\n<td style=\"height: 24px;\">Josef Hoppe und Helene Grau, Johann Waldeyer und Frau<\/td>\n<\/tr>\n<tr style=\"height: 24px;\">\n<td style=\"height: 24px;\">1934<\/td>\n<td style=\"height: 24px;\">Willi Drenkelfu\u00df und Emilie M\u00fcller, Josef Rode und Frau<\/td>\n<\/tr>\n<tr style=\"height: 24px;\">\n<td style=\"height: 24px;\">1935<\/td>\n<td style=\"height: 24px;\">Johann Pollmann und Johanna Engel,\u00a0 Wilhelm Grewe und Frau<\/td>\n<\/tr>\n<tr style=\"height: 24px;\">\n<td style=\"height: 24px;\">1936<\/td>\n<td style=\"height: 24px;\">Anton Sentler und seine Nichte Theresia Sentler,\u00a0 Anton Worms und Frau<\/td>\n<\/tr>\n<tr style=\"height: 24px;\">\n<td style=\"height: 24px;\">1938<\/td>\n<td style=\"height: 24px;\">Josef Hesse und Therese Stiewe,\u00a0 Anton Kamp und Frau Therese<\/td>\n<\/tr>\n<tr style=\"height: 24px;\">\n<td style=\"height: 24px;\">1939<\/td>\n<td style=\"height: 24px;\">Johann Welling und Johanna Dohmann Johannes Hesse und Frau<\/td>\n<\/tr>\n<tr style=\"height: 24px;\">\n<td style=\"height: 24px;\">1948<\/td>\n<td style=\"height: 24px;\">Josef Wiegers und \u00c4nne Vogt,\u00a0 Wilhelm Weinholz und Frau Maria<\/td>\n<\/tr>\n<tr style=\"height: 24px;\">\n<td style=\"height: 24px;\">1950<\/td>\n<td style=\"height: 24px;\">Willi Weinholz und Johanna Vogt,\u00a0 Johann Dr\u00fcke und Frau<\/td>\n<\/tr>\n<tr style=\"height: 24px;\">\n<td style=\"height: 24px;\">1951<\/td>\n<td style=\"height: 24px;\">Phillip Hoppe und Frau Johanna<\/td>\n<\/tr>\n<tr style=\"height: 24px;\">\n<td style=\"height: 24px;\">1953<\/td>\n<td style=\"height: 24px;\">Anton Simon und \u00c4nne Kirchhoff,\u00a0 Heinz Bertels und Frau Johanna<\/td>\n<\/tr>\n<tr style=\"height: 24px;\">\n<td style=\"height: 24px;\">1956<\/td>\n<td style=\"height: 24px;\">Hermann Engel und Hilde K\u00f6ster,\u00a0 Johann Schrader und Frau Maria<\/td>\n<\/tr>\n<tr style=\"height: 24px;\">\n<td style=\"height: 24px;\">1958<\/td>\n<td style=\"height: 24px;\">Heribert Dr\u00fcke und Friedchen Engel,\u00a0 Karl M\u00f6ller und Mathilde Otto<\/td>\n<\/tr>\n<tr style=\"height: 24px;\">\n<td style=\"height: 24px;\">1960<\/td>\n<td style=\"height: 24px;\">Ernst Oechsner und Frau Anmi ,<\/td>\n<\/tr>\n<tr style=\"height: 24px;\">\n<td style=\"height: 24px;\">1962<\/td>\n<td style=\"height: 24px;\">Friedhelm Vo\u00df und Christa Kamp<\/td>\n<\/tr>\n<tr style=\"height: 24px;\">\n<td style=\"height: 24px;\">1963<\/td>\n<td style=\"height: 24px;\">Karl und Irmgard Block<\/td>\n<\/tr>\n<tr style=\"height: 24px;\">\n<td style=\"height: 24px;\">1965<\/td>\n<td style=\"height: 24px;\">G\u00fcnter und Marlene Wollesen<\/td>\n<\/tr>\n<tr style=\"height: 24px;\">\n<td style=\"height: 24px;\">1967<\/td>\n<td style=\"height: 24px;\">Franz-Josef und Marianne Winkelhahn<\/td>\n<\/tr>\n<tr style=\"height: 24px;\">\n<td style=\"height: 24px;\">1970<\/td>\n<td style=\"height: 24px;\">Josef und Christa Risse<\/td>\n<\/tr>\n<tr style=\"height: 24px;\">\n<td style=\"height: 24px;\">1971<\/td>\n<td style=\"height: 24px;\">Horst und Rosalie Keppschull<\/td>\n<\/tr>\n<tr style=\"height: 24px;\">\n<td style=\"height: 24px;\">1973<\/td>\n<td style=\"height: 24px;\">Heribert und Erika W\u00f6stefeld<\/td>\n<\/tr>\n<tr style=\"height: 24px;\">\n<td style=\"height: 24px;\">1975<\/td>\n<td style=\"height: 24px;\">Friedhelm und Christel Derwig<\/td>\n<\/tr>\n<tr style=\"height: 24px;\">\n<td style=\"height: 24px;\">1977<\/td>\n<td style=\"height: 24px;\">Fritz und Gisela Dr\u00fcke<\/td>\n<\/tr>\n<tr style=\"height: 24px;\">\n<td style=\"height: 24px;\">1978<\/td>\n<td style=\"height: 24px;\">Michael und Marianne Hanke<\/td>\n<\/tr>\n<tr style=\"height: 24px;\">\n<td style=\"height: 24px;\">1980<\/td>\n<td style=\"height: 24px;\">Michael F\u00f6st und Elisabeth Themann<\/td>\n<\/tr>\n<tr style=\"height: 24px;\">\n<td style=\"height: 24px;\">1981<\/td>\n<td style=\"height: 24px;\">Franz und Anna Nietsch<\/td>\n<\/tr>\n<tr style=\"height: 24px;\">\n<td style=\"height: 24px;\">1983<\/td>\n<td style=\"height: 24px;\">Wilfried und Rosie Odelga<\/td>\n<\/tr>\n<tr style=\"height: 24px;\">\n<td style=\"height: 24px;\">1985<\/td>\n<td style=\"height: 24px;\">Horst und Marlies R\u00f6sner<\/td>\n<\/tr>\n<tr style=\"height: 24px;\">\n<td style=\"height: 24px;\">1987<\/td>\n<td style=\"height: 24px;\">Josef und Helga Huhmann<\/td>\n<\/tr>\n<tr style=\"height: 24px;\">\n<td style=\"height: 24px;\">1988<\/td>\n<td style=\"height: 24px;\">Karl-Heinz und Angelika Dalheimer<\/td>\n<\/tr>\n<tr style=\"height: 24px;\">\n<td style=\"height: 24px;\">1990<\/td>\n<td style=\"height: 24px;\">Domenico und Petra Arena<\/td>\n<\/tr>\n<tr style=\"height: 24px;\">\n<td style=\"height: 24px;\">1991<\/td>\n<td style=\"height: 24px;\">Wilfried und Karla Dr\u00fcke<\/td>\n<\/tr>\n<tr style=\"height: 24px;\">\n<td style=\"height: 24px;\">1992<\/td>\n<td style=\"height: 24px;\">Wolfgang und Conni Sann<\/td>\n<\/tr>\n<tr style=\"height: 24px;\">\n<td style=\"height: 24px;\">1993<\/td>\n<td style=\"height: 24px;\">Josef und Christa Sprenger<\/td>\n<\/tr>\n<tr style=\"height: 24px;\">\n<td style=\"height: 24px;\">1995<\/td>\n<td style=\"height: 24px;\">J\u00fcrgen und B\u00e4rbel Engel<\/td>\n<\/tr>\n<tr style=\"height: 24px;\">\n<td style=\"height: 24px;\">1997<\/td>\n<td style=\"height: 24px;\">Ansgar W\u00f6stefeld und Birgit B\u00f6melburg<\/td>\n<\/tr>\n<tr style=\"height: 24px;\">\n<td style=\"height: 24px;\">2000<\/td>\n<td style=\"height: 24px;\">Friedhelm und Gudrun Rode<\/td>\n<\/tr>\n<tr style=\"height: 24px;\">\n<td style=\"height: 24px;\">2003<\/td>\n<td style=\"height: 24px;\">Martin und Rita Otto<\/td>\n<\/tr>\n<tr style=\"height: 24.75px;\">\n<td style=\"height: 24.75px;\">2005<\/td>\n<td style=\"height: 24.75px;\">Josef und Regina Hesse<\/td>\n<\/tr>\n<tr style=\"height: 24px;\">\n<td style=\"height: 24px;\"><a href=\"http:\/\/hsv-ovenhausen.de\/?p=1731\" target=\"_blank\" rel=\"noopener\">2007<\/a><\/td>\n<td style=\"height: 24px;\">Wolfgang Ma\u00dfmann und Ilse Flanagan<\/td>\n<\/tr>\n<tr style=\"height: 24px;\">\n<td style=\"height: 24px;\"><a href=\"http:\/\/hsv-ovenhausen.de\/?page_id=1885\" target=\"_blank\" rel=\"noopener\">2010<\/a><\/td>\n<td style=\"height: 24px;\">Ansgar und Petra W\u00f6stefeld<\/td>\n<\/tr>\n<tr style=\"height: 24px;\">\n<td style=\"height: 24px;\">2013<\/td>\n<td style=\"height: 24px;\">Andreas und Kerstin Ma\u00dfmann<\/td>\n<\/tr>\n<tr style=\"height: 24px;\">\n<td style=\"height: 24px;\"><a href=\"http:\/\/hsv-ovenhausen.de\/?page_id=2483\" target=\"_blank\" rel=\"noopener\">2015<\/a><\/td>\n<td style=\"height: 24px;\">Michael und Johanna Gorzolka<\/td>\n<\/tr>\n<tr style=\"height: 24px;\">\n<td style=\"height: 24px;\"><a href=\"http:\/\/hsv-ovenhausen.de\/?page_id=3490\" target=\"_blank\" rel=\"noopener\">2017<\/a><\/td>\n<td style=\"height: 24px;\">Thomas und Silvia W\u00f6stefeld<\/td>\n<\/tr>\n<tr style=\"height: 24px;\">\n<td style=\"height: 24px;\"><a href=\"http:\/\/hsv-ovenhausen.de\/?page_id=3144\" target=\"_blank\" rel=\"noopener\">2019<\/a><\/td>\n<td style=\"height: 24px;\">Leon Dietrich und Tabea L\u00f6hr<\/td>\n<\/tr>\n<tr>\n<td>2022<\/td>\n<td>K\u00f6nigin Nadine Husemann und Prinzregent Maximilian Knickelmann<\/td>\n<\/tr>\n<\/tbody>\n<\/table>\n","protected":false},"excerpt":{"rendered":"<p>Ehemalige Sch\u00fctzenk\u00f6nige\u00a0des Heimat- und Sch\u00fctzenverein Ovenhausen von 1575 e. V. 1913 Karl Zimmermann und seine Schwester Anna 1928 Josef Hoppe und Helene Grau, Johann Waldeyer und Frau 1934 Willi Drenkelfu\u00df und Emilie M\u00fcller, Josef Rode und Frau 1935 Johann Pollmann&hellip; <\/p>\n","protected":false},"author":3,"featured_media":0,"parent":4,"menu_order":5,"comment_status":"closed","ping_status":"open","template":"","meta":{"jetpack_post_was_ever_published":false,"footnotes":""},"class_list":["post-31","page","type-page","status-publish","hentry"],"jetpack_sharing_enabled":true,"jetpack_shortlink":"https:\/\/wp.me\/P7qpVN-v","jetpack-related-posts":[{"id":2543,"url":"\/?page_id=2543","url_meta":{"origin":31,"position":0},"title":"2017","author":"Martin Bahr","date":"6. Januar 2017","format":false,"excerpt":"In Warburg wurden die Kreismeisterschaften in der Disziplin KK 100 Meter geschossen. In der derzeitigen \"Paradedisziplin\" des HSV Ovenhausen zeigten die amtierenden Deutschen Meister Ihre gro\u00dfe Klasse und gewannen vor dem BSV \u00a0Brakel. 1 - HSV Ovenhausen \u00a0\u00a0\u00a0 \u00a0895 Ring 2 - BSV Brakel e.V. \u00a0\u00a0\u00a0\u00a0\u00a0\u00a0\u00a0 885 Ring Zur Info:\u2026","rel":"","context":"\u00c4hnlicher Beitrag","block_context":{"text":"\u00c4hnlicher Beitrag","link":""},"img":{"alt_text":"","src":"https:\/\/i0.wp.com\/hsv-ovenhausen.de\/hsv-neu\/wp-content\/uploads\/2017\/01\/1111120151018_154136-300x180.jpg?resize=350%2C200","width":350,"height":200,"srcset":"https:\/\/i0.wp.com\/hsv-ovenhausen.de\/hsv-neu\/wp-content\/uploads\/2017\/01\/1111120151018_154136-300x180.jpg?resize=350%2C200 1x, https:\/\/i0.wp.com\/hsv-ovenhausen.de\/hsv-neu\/wp-content\/uploads\/2017\/01\/1111120151018_154136-300x180.jpg?resize=525%2C300 1.5x"},"classes":[]},{"id":2,"url":"\/?page_id=2","url_meta":{"origin":31,"position":1},"title":"Vermietung Sch\u00fctzenhaus","author":"Sebastian Werpup","date":"7. April 2014","format":false,"excerpt":"Die Vermietungen werden von Herrn Josef K\u00f6ster verwaltet. Mit ihm haben Sie einen kompetenten Ansprechpartner in allen Fragen rund um den Schie\u00dfstand und die Vermietung. F\u00fcr die erste Kontaktaufnahme bitten wir sie eine Anfrage an folgende E-Mail Adresse zu senden: schiessstandovenhausen@hsv-ovenhausen.de Herr K\u00f6ster wird sich dann mit Ihnen in Verbindung\u2026","rel":"","context":"\u00c4hnlicher Beitrag","block_context":{"text":"\u00c4hnlicher Beitrag","link":""},"img":{"alt_text":"Sch\u00fctzenhaus Blick vom Parkplatz","src":"https:\/\/i0.wp.com\/hsv-ovenhausen.de\/hsv-neu\/wp-content\/uploads\/2021\/01\/Schiessstand_010.jpg?resize=350%2C200","width":350,"height":200,"srcset":"https:\/\/i0.wp.com\/hsv-ovenhausen.de\/hsv-neu\/wp-content\/uploads\/2021\/01\/Schiessstand_010.jpg?resize=350%2C200 1x, https:\/\/i0.wp.com\/hsv-ovenhausen.de\/hsv-neu\/wp-content\/uploads\/2021\/01\/Schiessstand_010.jpg?resize=525%2C300 1.5x, https:\/\/i0.wp.com\/hsv-ovenhausen.de\/hsv-neu\/wp-content\/uploads\/2021\/01\/Schiessstand_010.jpg?resize=700%2C400 2x"},"classes":[]},{"id":2387,"url":"\/?page_id=2387","url_meta":{"origin":31,"position":2},"title":"2016","author":"Martin Bahr","date":"9. Oktober 2016","format":false,"excerpt":"Endlich geschafft Der HSV Ovenhausen pr\u00e4sentiert den \u201eersten deutschen Meistertitel\u201c \u00a0 Das viele Training hat sich ausgezahlt. Am Samstag, den 08.10.2016 durfte der HSV erstmals an der Deutschen Meisterschaft KK 100 Meter in Hannover teilnehmen. Qualifiziert hatten sich die Sch\u00fctzen: Ewald Hanke \u2013 Martin Bahr und Elmar Dr\u00fcke mit dem\u2026","rel":"","context":"\u00c4hnlicher Beitrag","block_context":{"text":"\u00c4hnlicher Beitrag","link":""},"img":{"alt_text":"img-20161008-wa0023","src":"https:\/\/i0.wp.com\/hsv-ovenhausen.de\/hsv-neu\/wp-content\/uploads\/2016\/10\/IMG-20161008-WA0023-300x225.jpg?resize=350%2C200","width":350,"height":200,"srcset":"https:\/\/i0.wp.com\/hsv-ovenhausen.de\/hsv-neu\/wp-content\/uploads\/2016\/10\/IMG-20161008-WA0023-300x225.jpg?resize=350%2C200 1x, https:\/\/i0.wp.com\/hsv-ovenhausen.de\/hsv-neu\/wp-content\/uploads\/2016\/10\/IMG-20161008-WA0023-300x225.jpg?resize=525%2C300 1.5x"},"classes":[]},{"id":1419,"url":"\/?page_id=1419","url_meta":{"origin":31,"position":3},"title":"Rundenwettk. KK","author":"Martin Bahr","date":"13. April 2016","format":false,"excerpt":"HSV Ovenhausen Die Rundenwettk\u00e4mpfe die von September bis Ende M\u00e4rz geschossen werden, wurden in den Klassen LG Auflage 10 Meter und KK Auflage 50 Meter in der Seniorenklasse vom HSV Ovenhausen dominiert. Die Rotjacken siegen in der Mannschafts- sowie in der Einzelwertung mit gro\u00dfem Abstand. KK Auflage 50 Meter Platz\u2026","rel":"","context":"\u00c4hnlicher Beitrag","block_context":{"text":"\u00c4hnlicher Beitrag","link":""},"img":{"alt_text":"DSC_6696_pp","src":"https:\/\/i0.wp.com\/hsv-ovenhausen.de\/hsv-neu\/wp-content\/uploads\/2016\/04\/DSC_6696_pp-300x200.jpg?resize=350%2C200","width":350,"height":200,"srcset":"https:\/\/i0.wp.com\/hsv-ovenhausen.de\/hsv-neu\/wp-content\/uploads\/2016\/04\/DSC_6696_pp-300x200.jpg?resize=350%2C200 1x, https:\/\/i0.wp.com\/hsv-ovenhausen.de\/hsv-neu\/wp-content\/uploads\/2016\/04\/DSC_6696_pp-300x200.jpg?resize=525%2C300 1.5x"},"classes":[]},{"id":107,"url":"\/?page_id=107","url_meta":{"origin":31,"position":4},"title":"Projekte","author":"Sebastian Werpup","date":"17. Januar 2015","format":false,"excerpt":"Projekte und Initiativen des Heimat- und Sch\u00fctzenvereins Ovenhausen der Jahre 2000 - 2010 Die von der Generalversammlung am 22.01.2000 beschlossene Vereinssatzung legt die Ziele und die Aufgaben des Vereins schwerpunktm\u00e4\u00dfig fest: Erhalt, F\u00f6rderung und Weiterentwicklung der heimatlichen Kultur, des \u00f6rtlichen Brauchtums und des Sch\u00fctzenwesens s\u00e4mtliche Karnevalsaktivit\u00e4ten Aus\u00fcbung des Schie\u00dfsportes \u00dcbernahme\u2026","rel":"","context":"\u00c4hnlicher Beitrag","block_context":{"text":"\u00c4hnlicher Beitrag","link":""},"img":{"alt_text":"","src":"","width":0,"height":0},"classes":[]},{"id":1527,"url":"\/?page_id=1527","url_meta":{"origin":31,"position":5},"title":"2015","author":"Martin Bahr","date":"15. April 2016","format":false,"excerpt":"HSV Ovenhausen Bei den deutschen Meisterschaften LG Auflage Senioren A - 10 Meter am vergangenen Wochenende in Dortmund konnte der HSV seine hohen Erwartungen leider nicht ganz erf\u00fcllen. Als diesj\u00e4hriger Landesmeister mit 899 von 900 m\u00f6glichen Ring als Mitfavorit f\u00fcr den Titel gestartet, hielten die Nerven bei den Mannschaftssch\u00fctzen jedoch\u2026","rel":"","context":"\u00c4hnlicher Beitrag","block_context":{"text":"\u00c4hnlicher Beitrag","link":""},"img":{"alt_text":"20151018_154132 (2)","src":"https:\/\/i0.wp.com\/hsv-ovenhausen.de\/hsv-neu\/wp-content\/uploads\/2016\/04\/20151018_154132-2-300x169.jpg?resize=350%2C200","width":350,"height":200},"classes":[]}],"_links":{"self":[{"href":"\/index.php?rest_route=\/wp\/v2\/pages\/31","targetHints":{"allow":["GET"]}}],"collection":[{"href":"\/index.php?rest_route=\/wp\/v2\/pages"}],"about":[{"href":"\/index.php?rest_route=\/wp\/v2\/types\/page"}],"author":[{"embeddable":true,"href":"\/index.php?rest_route=\/wp\/v2\/users\/3"}],"replies":[{"embeddable":true,"href":"\/index.php?rest_route=%2Fwp%2Fv2%2Fcomments&post=31"}],"version-history":[{"count":9,"href":"\/index.php?rest_route=\/wp\/v2\/pages\/31\/revisions"}],"predecessor-version":[{"id":3726,"href":"\/index.php?rest_route=\/wp\/v2\/pages\/31\/revisions\/3726"}],"up":[{"embeddable":true,"href":"\/index.php?rest_route=\/wp\/v2\/pages\/4"}],"wp:attachment":[{"href":"\/index.php?rest_route=%2Fwp%2Fv2%2Fmedia&parent=31"}],"curies":[{"name":"wp","href":"https:\/\/api.w.org\/{rel}","templated":true}]}}