{"id":1541,"date":"2016-04-15T02:13:41","date_gmt":"2016-04-15T00:13:41","guid":{"rendered":"http:\/\/hsv-ovenhausen.de\/?page_id=1541"},"modified":"2016-06-28T16:40:40","modified_gmt":"2016-06-28T14:40:40","slug":"2015-2","status":"publish","type":"page","link":"\/?page_id=1541","title":{"rendered":"2015 Senioren A"},"content":{"rendered":"<p>Die Landesmeisterschaften 2015 bei den &#8222;Senioren A&#8220; standen ganz im Zeichen des HSV-Ovenhausen. Geschossen wurde Luftgewehr auf 10 Meter Entfernung. Gerade p\u00fcnktlich zum gro\u00dfen Heimatfest haben die Sch\u00fctzen\u00a0Elmar Dr\u00fcke 299 Ring, Martin Bahr 300 Ring und Ewald Hanke 300 Ring\u00a0diese tolle\u00a0Leistung abrufen k\u00f6nnen. Mit 899 von 900 M\u00f6glichen wurde der HSV-Ovenhausen schon bei der ersten Teilnahme in Dortmund &#8211; Landesmeister. Diese 899 Ring bedeuten auch gleichzeitig neuen Landesrekord. Der HSV-Ovenhausen ist derzeit amtierender Landesrekordhalter. An diesem Wettkampf haben mehr als 100 Mannschaften aus ganz Westfalen teilgenommen.<\/p>\n<p><a href=\"https:\/\/i0.wp.com\/hsv-ovenhausen.de\/hsv-neu\/wp-content\/uploads\/2016\/04\/DSC_6684_pp-1.jpg\"><img data-recalc-dims=\"1\" loading=\"lazy\" decoding=\"async\" data-attachment-id=\"1556\" data-permalink=\"\/?attachment_id=1556\" data-orig-file=\"https:\/\/i0.wp.com\/hsv-ovenhausen.de\/hsv-neu\/wp-content\/uploads\/2016\/04\/DSC_6684_pp-1.jpg?fit=1275%2C850\" data-orig-size=\"1275,850\" data-comments-opened=\"0\" data-image-meta=\"{&quot;aperture&quot;:&quot;0&quot;,&quot;credit&quot;:&quot;&quot;,&quot;camera&quot;:&quot;&quot;,&quot;caption&quot;:&quot;&quot;,&quot;created_timestamp&quot;:&quot;0&quot;,&quot;copyright&quot;:&quot;&quot;,&quot;focal_length&quot;:&quot;0&quot;,&quot;iso&quot;:&quot;0&quot;,&quot;shutter_speed&quot;:&quot;0&quot;,&quot;title&quot;:&quot;&quot;,&quot;orientation&quot;:&quot;1&quot;}\" data-image-title=\"DSC_6684_pp\" data-image-description=\"\" data-image-caption=\"\" data-medium-file=\"https:\/\/i0.wp.com\/hsv-ovenhausen.de\/hsv-neu\/wp-content\/uploads\/2016\/04\/DSC_6684_pp-1.jpg?fit=300%2C200\" data-large-file=\"https:\/\/i0.wp.com\/hsv-ovenhausen.de\/hsv-neu\/wp-content\/uploads\/2016\/04\/DSC_6684_pp-1.jpg?fit=700%2C467\" class=\"wp-image-1556 aligncenter\" src=\"https:\/\/i0.wp.com\/hsv-ovenhausen.de\/hsv-neu\/wp-content\/uploads\/2016\/04\/DSC_6684_pp-1.jpg?resize=415%2C277\" alt=\"DSC_6684_pp\" width=\"415\" height=\"277\" data-id=\"1556\" srcset=\"https:\/\/i0.wp.com\/hsv-ovenhausen.de\/hsv-neu\/wp-content\/uploads\/2016\/04\/DSC_6684_pp-1.jpg?resize=300%2C200 300w, https:\/\/i0.wp.com\/hsv-ovenhausen.de\/hsv-neu\/wp-content\/uploads\/2016\/04\/DSC_6684_pp-1.jpg?resize=768%2C512 768w, https:\/\/i0.wp.com\/hsv-ovenhausen.de\/hsv-neu\/wp-content\/uploads\/2016\/04\/DSC_6684_pp-1.jpg?resize=1024%2C683 1024w, https:\/\/i0.wp.com\/hsv-ovenhausen.de\/hsv-neu\/wp-content\/uploads\/2016\/04\/DSC_6684_pp-1.jpg?w=1275 1275w\" sizes=\"auto, (max-width: 415px) 100vw, 415px\" \/><\/a><\/p>\n<p>Auch in der Einzelwertung sind die Sch\u00fctzen mit diesem Resultat bei \u00fcber 300 teilnehmenden Sch\u00fctzen ganz vorne in der Tabelle zu finden.<\/p>\n<p>Platz zwei sicherte sich Ewald Hanke mit 300 Ring, davon 29 Innenzehner, so dass die Zehntelwertung 314,3 registriert wurde.<\/p>\n<p>Platz drei ging an Martin Bahr mit 300 Ring, 29 Innenzehner und 313,9 Zehntelwertung. Auf Platz 27 landete Elmar Dr\u00fcke mit 299 Ring.<\/p>\n<p>Zur Erkl\u00e4rung: Bei Ringgleichheit werden zuerst die Innenzehner gewertet, danach wird nach Zehnteln gewertet.\u00a0 Somit ist Ewald Hanke um vier Zehntel besser als Martin Bahr.<\/p>\n<p>&nbsp;<\/p>\n<p>Unsere<span style=\"color: #0000ff;\"> Senioren<\/span> konnten leider zu diesem Wettbewerb keine Mannschaft stellen. Rolf Ma\u00dfmann war unabk\u00f6mmlich und musste das Turnier absagen. Die beiden restlichen Sch\u00fctzen J\u00fcrgen Todt und Bernward Mutter haben den HSV aber sehr gut vertreten. J\u00fcrgen Todt erreichte mit seinen 299 Ring &#8211; Platz 19 und Bernward kam mit 295 Ring auf Platz 67<\/p>\n<p><a href=\"https:\/\/i0.wp.com\/hsv-ovenhausen.de\/hsv-neu\/wp-content\/uploads\/2016\/04\/DSC_6660-1.jpg\"><img data-recalc-dims=\"1\" loading=\"lazy\" decoding=\"async\" data-attachment-id=\"1982\" data-permalink=\"\/?attachment_id=1982\" data-orig-file=\"https:\/\/i0.wp.com\/hsv-ovenhausen.de\/hsv-neu\/wp-content\/uploads\/2016\/04\/DSC_6660-1.jpg?fit=1273%2C1909\" data-orig-size=\"1273,1909\" data-comments-opened=\"0\" data-image-meta=\"{&quot;aperture&quot;:&quot;9&quot;,&quot;credit&quot;:&quot;Wollesen&quot;,&quot;camera&quot;:&quot;NIKON D610&quot;,&quot;caption&quot;:&quot;&quot;,&quot;created_timestamp&quot;:&quot;1420488407&quot;,&quot;copyright&quot;:&quot;CLAUDIA WOLLESEN&quot;,&quot;focal_length&quot;:&quot;36&quot;,&quot;iso&quot;:&quot;500&quot;,&quot;shutter_speed&quot;:&quot;0.005&quot;,&quot;title&quot;:&quot;&quot;,&quot;orientation&quot;:&quot;1&quot;}\" data-image-title=\"DSC_6660\" data-image-description=\"\" data-image-caption=\"\" data-medium-file=\"https:\/\/i0.wp.com\/hsv-ovenhausen.de\/hsv-neu\/wp-content\/uploads\/2016\/04\/DSC_6660-1.jpg?fit=200%2C300\" data-large-file=\"https:\/\/i0.wp.com\/hsv-ovenhausen.de\/hsv-neu\/wp-content\/uploads\/2016\/04\/DSC_6660-1.jpg?fit=683%2C1024\" class=\"alignnone size-medium wp-image-1982\" src=\"https:\/\/i0.wp.com\/hsv-ovenhausen.de\/hsv-neu\/wp-content\/uploads\/2016\/04\/DSC_6660-1.jpg?resize=200%2C300\" alt=\"DSC_6660\" width=\"200\" height=\"300\" data-id=\"1982\" srcset=\"https:\/\/i0.wp.com\/hsv-ovenhausen.de\/hsv-neu\/wp-content\/uploads\/2016\/04\/DSC_6660-1.jpg?resize=200%2C300 200w, https:\/\/i0.wp.com\/hsv-ovenhausen.de\/hsv-neu\/wp-content\/uploads\/2016\/04\/DSC_6660-1.jpg?resize=768%2C1152 768w, https:\/\/i0.wp.com\/hsv-ovenhausen.de\/hsv-neu\/wp-content\/uploads\/2016\/04\/DSC_6660-1.jpg?resize=683%2C1024 683w, https:\/\/i0.wp.com\/hsv-ovenhausen.de\/hsv-neu\/wp-content\/uploads\/2016\/04\/DSC_6660-1.jpg?w=1273 1273w\" sizes=\"auto, (max-width: 200px) 100vw, 200px\" \/><\/a>\u00a0\u00a0\u00a0\u00a0\u00a0\u00a0\u00a0\u00a0\u00a0\u00a0\u00a0\u00a0\u00a0\u00a0\u00a0\u00a0\u00a0\u00a0\u00a0\u00a0\u00a0\u00a0\u00a0\u00a0\u00a0\u00a0\u00a0\u00a0\u00a0 <a href=\"https:\/\/i0.wp.com\/hsv-ovenhausen.de\/hsv-neu\/wp-content\/uploads\/2016\/04\/DSC_6661.jpg\"><img data-recalc-dims=\"1\" loading=\"lazy\" decoding=\"async\" data-attachment-id=\"2004\" data-permalink=\"\/?attachment_id=2004\" data-orig-file=\"https:\/\/i0.wp.com\/hsv-ovenhausen.de\/hsv-neu\/wp-content\/uploads\/2016\/04\/DSC_6661.jpg?fit=1431%2C2143\" data-orig-size=\"1431,2143\" data-comments-opened=\"0\" data-image-meta=\"{&quot;aperture&quot;:&quot;9&quot;,&quot;credit&quot;:&quot;Wollesen&quot;,&quot;camera&quot;:&quot;NIKON D610&quot;,&quot;caption&quot;:&quot;&quot;,&quot;created_timestamp&quot;:&quot;1420488469&quot;,&quot;copyright&quot;:&quot;CLAUDIA WOLLESEN&quot;,&quot;focal_length&quot;:&quot;36&quot;,&quot;iso&quot;:&quot;500&quot;,&quot;shutter_speed&quot;:&quot;0.005&quot;,&quot;title&quot;:&quot;&quot;,&quot;orientation&quot;:&quot;1&quot;}\" data-image-title=\"DSC_6661\" data-image-description=\"\" data-image-caption=\"\" data-medium-file=\"https:\/\/i0.wp.com\/hsv-ovenhausen.de\/hsv-neu\/wp-content\/uploads\/2016\/04\/DSC_6661.jpg?fit=200%2C300\" data-large-file=\"https:\/\/i0.wp.com\/hsv-ovenhausen.de\/hsv-neu\/wp-content\/uploads\/2016\/04\/DSC_6661.jpg?fit=684%2C1024\" class=\"alignnone size-medium wp-image-2004\" src=\"https:\/\/i0.wp.com\/hsv-ovenhausen.de\/hsv-neu\/wp-content\/uploads\/2016\/04\/DSC_6661.jpg?resize=200%2C300\" alt=\"DSC_6661\" width=\"200\" height=\"300\" data-id=\"2004\" srcset=\"https:\/\/i0.wp.com\/hsv-ovenhausen.de\/hsv-neu\/wp-content\/uploads\/2016\/04\/DSC_6661.jpg?resize=200%2C300 200w, https:\/\/i0.wp.com\/hsv-ovenhausen.de\/hsv-neu\/wp-content\/uploads\/2016\/04\/DSC_6661.jpg?resize=768%2C1150 768w, https:\/\/i0.wp.com\/hsv-ovenhausen.de\/hsv-neu\/wp-content\/uploads\/2016\/04\/DSC_6661.jpg?resize=684%2C1024 684w, https:\/\/i0.wp.com\/hsv-ovenhausen.de\/hsv-neu\/wp-content\/uploads\/2016\/04\/DSC_6661.jpg?w=1431 1431w\" sizes=\"auto, (max-width: 200px) 100vw, 200px\" \/><\/a><\/p>\n<p>J\u00fcrgen Todt\u00a0\u00a0\u00a0\u00a0\u00a0\u00a0\u00a0\u00a0\u00a0\u00a0\u00a0\u00a0\u00a0\u00a0\u00a0\u00a0\u00a0\u00a0\u00a0\u00a0\u00a0\u00a0\u00a0\u00a0\u00a0\u00a0\u00a0\u00a0\u00a0\u00a0\u00a0\u00a0\u00a0\u00a0\u00a0\u00a0\u00a0\u00a0\u00a0\u00a0\u00a0\u00a0\u00a0\u00a0\u00a0\u00a0\u00a0\u00a0\u00a0\u00a0\u00a0\u00a0\u00a0\u00a0\u00a0\u00a0\u00a0\u00a0\u00a0\u00a0\u00a0\u00a0 Bernward Mutter<\/p>\n<p>&nbsp;<\/p>\n<p><span style=\"color: #0000ff; font-size: 18pt;\">Zeitungsbericht NW<\/span><\/p>\n<p>Mit Landesrekord zum Titelgewinn <span style=\"font-size: small;\"><span style=\"font-family: MinionHMBold; font-size: small;\"><span style=\"font-family: MinionHMBold; font-size: small;\"><b>\u00a5 Ovenhausen <\/b><\/span><\/span><span style=\"font-family: MinionHMRoman;\"><span style=\"font-family: MinionHMRoman;\">(nw). <span style=\"font-family: arial,helvetica,sans-serif;\"><strong>Direkt<\/strong> <\/span><\/span><\/span><\/span>beim gro\u00dfen Heimat- und Sch\u00fctzenfest in Ovenhausen konnte der Verein noch einen weiteren Erfolg des Schie\u00dfsports vermelden. Die erste Mannschaft des HSV Ovenhausen wurde Landesmeister in der Klasse Senioren A in der Disziplin Luftgewehr Auflage 10 Meter mit dem neuen Landesrekord von 899 Ring bei 900 m\u00f6glichen Ring, wie der Westf\u00e4lische Sch\u00fctzenbund Dortmund gleich best\u00e4tigte.<\/p>\n<p align=\"LEFT\">Die Sch\u00fctzen waren Ewald Hanke und Martin Bahr mit dem optimalen Ergebnis von 300 Ring, Elmar Dr\u00fcke schaffte 299 Ring. \u201eMit diesem sagenhaften Ergebnis 899 Ring von 900 M\u00f6glichen errang der HSV den Landesmeistertitel\u201c, berichtet Martin Bahr.<\/p>\n<p align=\"LEFT\">An diesem Wettkampf haben mehr als 100 Mannschaften aus ganz Westfalen\u00a0teilgenommen. Auch in der Einzelwertung sind die Sch\u00fctzen mit diesem Resultat bei \u00fcber 300 teilnehmenden Sch\u00fctzen ganz vorne in der Tabelle zu finden. Platz zwei sicherte sich Ewald Hanke mit 300 Ring, davon 29 Innenzehner, so dass die Zehntelwertung 314,3 registriert wurde. Platz drei ging an Martin Bahr mit 300 Ring, 29 Innenzehner und 313,9 Zehntelwertung. Auf Platz 27 landete Elmar Dr\u00fcke 299 Ring. Zur Erkl\u00e4rung:<\/p>\n<p align=\"LEFT\">Bei Ringgleichheit werden zuerst die Innenzehner gewertet, danach wird nach Zehnteln gewertet. Somit ist Ewald Hanke um vier Zehntel besser als Martin Bahr.<\/p>\n<p align=\"LEFT\">Als Mannschaft und als Einzelsch\u00fctze ist die Qualifikation f\u00fcr die deutsche Meisterschaft erreicht, die im Oktober in Dortmund ausgetragen wird. \u201eWenn wir dieses Ergebnis bei der Deutschen Meisterschaft wiederholen, sind wir auch ganz vorn dabei\u201c, meint Ewald Hanke.<\/p>\n<p><a href=\"https:\/\/i0.wp.com\/hsv-ovenhausen.de\/hsv-neu\/wp-content\/uploads\/2016\/04\/DSC_6684_pp-3.jpg\"><img data-recalc-dims=\"1\" loading=\"lazy\" decoding=\"async\" data-attachment-id=\"1971\" data-permalink=\"\/?attachment_id=1971\" data-orig-file=\"https:\/\/i0.wp.com\/hsv-ovenhausen.de\/hsv-neu\/wp-content\/uploads\/2016\/04\/DSC_6684_pp-3.jpg?fit=2000%2C1333\" data-orig-size=\"2000,1333\" data-comments-opened=\"0\" data-image-meta=\"{&quot;aperture&quot;:&quot;9&quot;,&quot;credit&quot;:&quot;Wollesen&quot;,&quot;camera&quot;:&quot;NIKON D610&quot;,&quot;caption&quot;:&quot;&quot;,&quot;created_timestamp&quot;:&quot;1420489560&quot;,&quot;copyright&quot;:&quot;CLAUDIA WOLLESEN&quot;,&quot;focal_length&quot;:&quot;36&quot;,&quot;iso&quot;:&quot;500&quot;,&quot;shutter_speed&quot;:&quot;0.005&quot;,&quot;title&quot;:&quot;&quot;,&quot;orientation&quot;:&quot;0&quot;}\" data-image-title=\"DSC_6684_pp\" data-image-description=\"\" data-image-caption=\"\" data-medium-file=\"https:\/\/i0.wp.com\/hsv-ovenhausen.de\/hsv-neu\/wp-content\/uploads\/2016\/04\/DSC_6684_pp-3.jpg?fit=300%2C200\" data-large-file=\"https:\/\/i0.wp.com\/hsv-ovenhausen.de\/hsv-neu\/wp-content\/uploads\/2016\/04\/DSC_6684_pp-3.jpg?fit=700%2C466\" class=\"alignnone wp-image-1971\" src=\"https:\/\/i0.wp.com\/hsv-ovenhausen.de\/hsv-neu\/wp-content\/uploads\/2016\/04\/DSC_6684_pp-3.jpg?resize=428%2C285\" alt=\"DSC_6684_pp\" width=\"428\" height=\"285\" data-id=\"1971\" srcset=\"https:\/\/i0.wp.com\/hsv-ovenhausen.de\/hsv-neu\/wp-content\/uploads\/2016\/04\/DSC_6684_pp-3.jpg?resize=300%2C200 300w, https:\/\/i0.wp.com\/hsv-ovenhausen.de\/hsv-neu\/wp-content\/uploads\/2016\/04\/DSC_6684_pp-3.jpg?resize=768%2C512 768w, https:\/\/i0.wp.com\/hsv-ovenhausen.de\/hsv-neu\/wp-content\/uploads\/2016\/04\/DSC_6684_pp-3.jpg?resize=1024%2C682 1024w, https:\/\/i0.wp.com\/hsv-ovenhausen.de\/hsv-neu\/wp-content\/uploads\/2016\/04\/DSC_6684_pp-3.jpg?w=2000 2000w, https:\/\/i0.wp.com\/hsv-ovenhausen.de\/hsv-neu\/wp-content\/uploads\/2016\/04\/DSC_6684_pp-3.jpg?w=1400 1400w\" sizes=\"auto, (max-width: 428px) 100vw, 428px\" \/><\/a><\/p>\n<p><span style=\"font-size: 12pt;\"><span style=\"font-family: arial,helvetica,sans-serif;\"><a href=\"http:\/\/hsv-ovenhausen.de\/hsv-neu\/wp-content\/uploads\/2016\/04\/DSC_6684_pp.jpg\">\u00a0<\/a>\u00a0<i>(v. l.) Elmar Dr\u00fcke, Ewald Hanke und Martin Bahr holten <\/i>sich den Mannschaftstitel mit einem neuen Landesrekord.<\/span><\/span><\/p>\n<p>&nbsp;<\/p>\n<p>&nbsp;<\/p>\n","protected":false},"excerpt":{"rendered":"<p>Die Landesmeisterschaften 2015 bei den &#8222;Senioren A&#8220; standen ganz im Zeichen des HSV-Ovenhausen. Geschossen wurde Luftgewehr auf 10 Meter Entfernung. Gerade p\u00fcnktlich zum gro\u00dfen Heimatfest haben die Sch\u00fctzen\u00a0Elmar Dr\u00fcke 299 Ring, Martin Bahr 300 Ring und Ewald Hanke 300 Ring\u00a0diese&hellip; <\/p>\n","protected":false},"author":6,"featured_media":1556,"parent":1461,"menu_order":0,"comment_status":"closed","ping_status":"closed","template":"","meta":{"jetpack_post_was_ever_published":false,"footnotes":""},"class_list":["post-1541","page","type-page","status-publish","has-post-thumbnail","hentry"],"jetpack_sharing_enabled":true,"jetpack_shortlink":"https:\/\/wp.me\/P7qpVN-oR","jetpack-related-posts":[{"id":1527,"url":"\/?page_id=1527","url_meta":{"origin":1541,"position":0},"title":"2015","author":"Martin Bahr","date":"15. April 2016","format":false,"excerpt":"HSV Ovenhausen Bei den deutschen Meisterschaften LG Auflage Senioren A - 10 Meter am vergangenen Wochenende in Dortmund konnte der HSV seine hohen Erwartungen leider nicht ganz erf\u00fcllen. Als diesj\u00e4hriger Landesmeister mit 899 von 900 m\u00f6glichen Ring als Mitfavorit f\u00fcr den Titel gestartet, hielten die Nerven bei den Mannschaftssch\u00fctzen jedoch\u2026","rel":"","context":"\u00c4hnlicher Beitrag","block_context":{"text":"\u00c4hnlicher Beitrag","link":""},"img":{"alt_text":"20151018_154132 (2)","src":"https:\/\/i0.wp.com\/hsv-ovenhausen.de\/hsv-neu\/wp-content\/uploads\/2016\/04\/20151018_154132-2-300x169.jpg?resize=350%2C200","width":350,"height":200},"classes":[]},{"id":2272,"url":"\/?page_id=2272","url_meta":{"origin":1541,"position":1},"title":"2016 KK Senioren A 100 Meter","author":"Martin Bahr","date":"4. Juli 2016","format":false,"excerpt":"Landesmeister ist der HSV Ovenhausen in der Disziplin KK \u2013 100 Meter Langsam wird es unheimlich um den HSV Ovenhausen \u2013 beim dritten Start der diesj\u00e4hrigen Landesmeisterschaften der Senioren A, dieses mal in Hamm, in der Disziplin KK-100 Meter wurde wieder gesiegt. Die Sch\u00fctzen Ewald Hanke, Martin Bahr und Elmar\u2026","rel":"","context":"\u00c4hnlicher Beitrag","block_context":{"text":"\u00c4hnlicher Beitrag","link":""},"img":{"alt_text":"IMG-20160703-WA0015_1467624075304","src":"https:\/\/i0.wp.com\/hsv-ovenhausen.de\/hsv-neu\/wp-content\/uploads\/2016\/07\/IMG-20160703-WA0015_1467624075304-300x169.jpg?resize=350%2C200","width":350,"height":200,"srcset":"https:\/\/i0.wp.com\/hsv-ovenhausen.de\/hsv-neu\/wp-content\/uploads\/2016\/07\/IMG-20160703-WA0015_1467624075304-300x169.jpg?resize=350%2C200 1x, https:\/\/i0.wp.com\/hsv-ovenhausen.de\/hsv-neu\/wp-content\/uploads\/2016\/07\/IMG-20160703-WA0015_1467624075304-300x169.jpg?resize=525%2C300 1.5x"},"classes":[]},{"id":2045,"url":"\/?page_id=2045","url_meta":{"origin":1541,"position":2},"title":"2016","author":"Martin Bahr","date":"23. April 2016","format":false,"excerpt":"HSV Ovenhausen dominiert in Warburg Schie\u00dfen: Bei den Kreismeisterschaften 2016\u00a0gewinnen Hanke, Bahr und Dr\u00fcke alle Disziplinen \u00a5 Ovenhausen (nw). Erfolgreicher geht es kaum \u2013 bei allen Starts siegten die Senioren A des Heimatsch\u00fctzenvereins Ovenhausen in der Mannschafts- sowie in der Einzelwertung bei den Kreismeisterschaften in Warburg. In der Disziplin Kleinkaliber\u2026","rel":"","context":"\u00c4hnlicher Beitrag","block_context":{"text":"\u00c4hnlicher Beitrag","link":""},"img":{"alt_text":"","src":"https:\/\/i0.wp.com\/hsv-ovenhausen.de\/hsv-neu\/wp-content\/uploads\/2017\/01\/1111120151018_154136-300x180.jpg?resize=350%2C200","width":350,"height":200,"srcset":"https:\/\/i0.wp.com\/hsv-ovenhausen.de\/hsv-neu\/wp-content\/uploads\/2017\/01\/1111120151018_154136-300x180.jpg?resize=350%2C200 1x, https:\/\/i0.wp.com\/hsv-ovenhausen.de\/hsv-neu\/wp-content\/uploads\/2017\/01\/1111120151018_154136-300x180.jpg?resize=525%2C300 1.5x"},"classes":[]},{"id":2024,"url":"\/?page_id=2024","url_meta":{"origin":1541,"position":3},"title":"2016","author":"Martin Bahr","date":"21. April 2016","format":false,"excerpt":"HSV Ovenhausen dominiert in Warburg Schie\u00dfen: Bei den Kreismeisterschaften gewinnen Hanke, Bahr und Dr\u00fcke alle Disziplinen \u00a5 Ovenhausen (nw). Erfolgreicher geht es kaum \u2013 bei allen Starts siegten die Senioren A des Heimatsch\u00fctzenvereins Ovenhausen in der Mannschafts- sowie in der Einzelwertung bei den Kreismeisterschaften in Warburg. In der Disziplin Kleinkaliber\u2026","rel":"","context":"\u00c4hnlicher Beitrag","block_context":{"text":"\u00c4hnlicher Beitrag","link":""},"img":{"alt_text":"","src":"https:\/\/i0.wp.com\/hsv-ovenhausen.de\/hsv-neu\/wp-content\/uploads\/2016\/04\/DSC_6684_pp-4-300x200.jpg?resize=350%2C200","width":350,"height":200,"srcset":"https:\/\/i0.wp.com\/hsv-ovenhausen.de\/hsv-neu\/wp-content\/uploads\/2016\/04\/DSC_6684_pp-4-300x200.jpg?resize=350%2C200 1x, https:\/\/i0.wp.com\/hsv-ovenhausen.de\/hsv-neu\/wp-content\/uploads\/2016\/04\/DSC_6684_pp-4-300x200.jpg?resize=525%2C300 1.5x"},"classes":[]},{"id":1533,"url":"\/?page_id=1533","url_meta":{"origin":1541,"position":4},"title":"2015","author":"Martin Bahr","date":"15. April 2016","format":false,"excerpt":"Senioren A - Luftgewehr 10 Meter Die Sch\u00fctzen Ewald Hanke - Martin Bahr und Elmar Dr\u00fcke schossen\u00a0bei den diesj\u00e4hrigen Kreismeisterschaften den Kreisrekord. \u00a0Mit sagenhaften 899 von 900 M\u00f6glichen verwiesen Sie die Konkurrenz in die Schranken. In der Einzelwertung belegten die Sch\u00fctzen auch gleich die ersten drei Pl\u00e4tze. Kreismeister wurde Martin\u2026","rel":"","context":"\u00c4hnlicher Beitrag","block_context":{"text":"\u00c4hnlicher Beitrag","link":""},"img":{"alt_text":"DSC_6684_pp","src":"https:\/\/i0.wp.com\/hsv-ovenhausen.de\/hsv-neu\/wp-content\/uploads\/2016\/04\/DSC_6684_pp-3-300x200.jpg?resize=350%2C200","width":350,"height":200},"classes":[]},{"id":2537,"url":"\/?page_id=2537","url_meta":{"origin":1541,"position":5},"title":"2017","author":"Martin Bahr","date":"6. Januar 2017","format":false,"excerpt":"Nach dem gro\u00dfen Erfolg beim LG, \u00fcberlie\u00dfen die \u201eSenioren A\u201c des HSV Ovenhausen nichts dem Zufall. Konzentriert mit tollen Ergebnissen wurde auch dieser Wettbewerb KK 50 Meter gewonnen und der Kreismeistertitel 2017, wie bereits im letzten Jahr, \u00a0gesichert. In Beller wurde die Disziplin KK 50 Meter geschossen 1 - HSV\u2026","rel":"","context":"\u00c4hnlicher Beitrag","block_context":{"text":"\u00c4hnlicher Beitrag","link":""},"img":{"alt_text":"","src":"https:\/\/i0.wp.com\/hsv-ovenhausen.de\/hsv-neu\/wp-content\/uploads\/2017\/01\/DSC_6684_pp-4-1-300x200.jpg?resize=350%2C200","width":350,"height":200},"classes":[]}],"_links":{"self":[{"href":"\/index.php?rest_route=\/wp\/v2\/pages\/1541","targetHints":{"allow":["GET"]}}],"collection":[{"href":"\/index.php?rest_route=\/wp\/v2\/pages"}],"about":[{"href":"\/index.php?rest_route=\/wp\/v2\/types\/page"}],"author":[{"embeddable":true,"href":"\/index.php?rest_route=\/wp\/v2\/users\/6"}],"replies":[{"embeddable":true,"href":"\/index.php?rest_route=%2Fwp%2Fv2%2Fcomments&post=1541"}],"version-history":[{"count":16,"href":"\/index.php?rest_route=\/wp\/v2\/pages\/1541\/revisions"}],"predecessor-version":[{"id":2242,"href":"\/index.php?rest_route=\/wp\/v2\/pages\/1541\/revisions\/2242"}],"up":[{"embeddable":true,"href":"\/index.php?rest_route=\/wp\/v2\/pages\/1461"}],"wp:featuredmedia":[{"embeddable":true,"href":"\/index.php?rest_route=\/wp\/v2\/media\/1556"}],"wp:attachment":[{"href":"\/index.php?rest_route=%2Fwp%2Fv2%2Fmedia&parent=1541"}],"curies":[{"name":"wp","href":"https:\/\/api.w.org\/{rel}","templated":true}]}}